{"id":5018,"date":"2021-11-04T15:10:48","date_gmt":"2021-11-04T15:10:48","guid":{"rendered":"http:\/\/localhost\/fmtjenerator\/?page_id=5018"},"modified":"2022-12-29T11:49:07","modified_gmt":"2022-12-29T10:49:07","slug":"certificates","status":"publish","type":"page","link":"https:\/\/fmtjenerator.com.tr\/es\/sobre-nosotros\/certificados\/","title":{"rendered":"Certificados"},"content":{"rendered":"<div  class=\"content_row row vc_row wpb_row  default-style fullwidth rt-9819824\">\n\t\n\t<div class=\"content_row_wrapper  default\"><div class=\"vc_col-sm-3 wpb_column vc_column_container rt-7314671 rt-column-container\">\n\t<div class=\"vc_column-inner rt-column-inner\">\n\t\t<div class=\"wpb_wrapper rt-wrapper\">\n\t\t\t<div class=\"button_wrapper  hero\"><a href=\"https:\/\/fmtjenerator.com.tr\/es\/sobre-nosotros\/\" target=\"_self\" title=\"SOBRE NOSOTROS\" class=\"button_  custom hero rt-8582107\"><span><span class=\"button-icon icon-right-open\"><\/span><span>SOBRE NOSOTROS<\/span><\/span><\/a><\/div><div class=\"button_wrapper  hero\"><a href=\"https:\/\/fmtjenerator.com.tr\/es\/history\/\" target=\"_self\" title=\"NUESTRA HISTORIA\" class=\"button_  custom hero rt-4332346\"><span><span class=\"button-icon icon-right-open\"><\/span><span>NUESTRA HISTORIA<\/span><\/span><\/a><\/div><div class=\"button_wrapper  hero\"><a href=\"https:\/\/fmtjenerator.com.tr\/es\/mission-vision\/\" target=\"_self\" title=\"MISI\u00d3N Y VISI\u00d3N\" class=\"button_  custom hero rt-2674683\"><span><span class=\"button-icon icon-right-open\"><\/span><span>MISI\u00d3N Y VISI\u00d3N<\/span><\/span><\/a><\/div><div class=\"button_wrapper  hero\"><a href=\"#\" target=\"_self\" title=\"CERTIFICADOS\" class=\"button_  custom hero rt-6360126\"><span><span class=\"button-icon icon-right-open\"><\/span><span>CERTIFICADOS<\/span><\/span><\/a><\/div><div class=\"vc_empty_space\"   style=\"height: 65px\"><span class=\"vc_empty_space_inner\"><\/span><\/div>\n\t\t<article class=\"content-box content-box2\">\n\t\t<div class=\"rt-heading-wrapper style-5\">\n\t\t\t\t\t\t<span class=\"punchline\">Descargar<\/span><h1 class=\"rt-heading style-5 with_punchline\" >Cat\u00e1logo<\/h1>\n\t\t\t\t\t<\/div>\n\t\t<div class=\"content-holder\">\n\t\t\t\n\t\t\t\n\t\t<\/div>\n\t\t<\/article>\n\t\t<div class=\"button_wrapper  hero\"><a href=\"https:\/\/fmtgroup.al\/wp-content\/uploads\/2022\/11\/FMT-Company-Profile.pdf\" target=\"_self\" title=\"PERFIL DE LA EMPRESA\" class=\"button_  custom hero rt-6342122\"><span><span class=\"button-icon icon-basic-download\"><\/span><span>PERFIL DE LA EMPRESA<\/span><\/span><\/a><\/div>\n<div  class=\"content_row row vc_row wpb_row vc_inner  global-style fullwidth rt-3830709\">\n\t\n\t<div class=\"content_row_wrapper  default\">\n\t<div class=\"vc_col-sm-12 wpb_column vc_column_container rt-column-container\">\n\t<div class=\"vc_column-inner rt-column-inner\">\n\t\t<div class=\"wpb_wrapper rt-wrapper\">\n\t\t\t\n\t\t<article class=\"content-box content-box2\">\n\t\t<div class=\"rt-heading-wrapper style-4\">\n\t\t\t\t\t\t<h3 class=\"rt-heading style-4\" >\u00bfTiene usted alguna pregunta?<\/h3>\n\t\t\t\t\t<\/div>\n\t\t<div class=\"content-holder\">\n\t\t\t<p>Cont\u00e1ctenos o env\u00ede una consulta comercial en l\u00ednea<\/p>\n\n\t\t\t\n\t\t<\/div>\n\t\t<\/article>\n\t\t<div class=\"button_wrapper\"><a href=\"https:\/\/fmtjenerator.com.tr\/es\/contactenos\/\" target=\"_self\" title=\"Cont\u00e1ctenos.\" class=\"button_  style-2 small rt-2141308\"><span><span>Cont\u00e1ctenos.<\/span><\/span><\/a><\/div>\n\t\t<\/div>\n\t<\/div>\n\t<\/div>\n\n<\/div>\n<\/div>\n\n\t\t<\/div>\n\t<\/div>\n\t<\/div>\n\n\t<div class=\"vc_col-sm-9 wpb_animate_when_almost_visible wpb_fadeInRight fadeInRight wpb_column vc_column_container rt-5407989 rt-column-container\">\n\t<div class=\"vc_column-inner rt-column-inner\">\n\t\t<div class=\"wpb_wrapper rt-wrapper\">\n\t\t\t\n<div  class=\"content_row row vc_row wpb_row vc_inner  global-style fullwidth\">\n\t\n\t<div class=\"content_row_wrapper  default\"><div class=\"vc_col-sm-4 wpb_column vc_column_container rt-column-container\">\n\t<div class=\"vc_column-inner rt-column-inner\">\n\t\t<div class=\"wpb_wrapper rt-wrapper\">\n\t\t\t\n\t<div  class=\"wpb_single_image wpb_content_element vc_align_center   cert\">\n\t\t\n\t\t<figure class=\"wpb_wrapper vc_figure\">\n\t\t\t<a href=\"https:\/\/fmtjenerator.com.tr\/wp-content\/uploads\/2022\/11\/FMT-ISO-9001_en.pdf\" target=\"_blank\" class=\"vc_single_image-wrapper   vc_box_border_grey\"><img loading=\"lazy\" decoding=\"async\" width=\"640\" height=\"586\" src=\"https:\/\/fmtjenerator.com.tr\/wp-content\/uploads\/2022\/11\/ISO-9001-2015.png\" class=\"vc_single_image-img attachment-full\" alt=\"\" srcset=\"https:\/\/fmtjenerator.com.tr\/wp-content\/uploads\/2022\/11\/ISO-9001-2015.png 640w, https:\/\/fmtjenerator.com.tr\/wp-content\/uploads\/2022\/11\/ISO-9001-2015-300x275.png 300w, https:\/\/fmtjenerator.com.tr\/wp-content\/uploads\/2022\/11\/ISO-9001-2015-13x12.png 13w, https:\/\/fmtjenerator.com.tr\/wp-content\/uploads\/2022\/11\/ISO-9001-2015-320x293.png 320w\" sizes=\"auto, (max-width: 640px) 100vw, 640px\" \/><\/a>\n\t\t<\/figure>\n\t<\/div>\n\n\t\t<\/div>\n\t<\/div>\n\t<\/div>\n\n\t<div class=\"vc_col-sm-4 wpb_column vc_column_container rt-column-container\">\n\t<div class=\"vc_column-inner rt-column-inner\">\n\t\t<div class=\"wpb_wrapper rt-wrapper\">\n\t\t\t\n\t<div  class=\"wpb_single_image wpb_content_element vc_align_center   cert\">\n\t\t\n\t\t<figure class=\"wpb_wrapper vc_figure\">\n\t\t\t<a href=\"https:\/\/fmtjenerator.com.tr\/wp-content\/uploads\/2022\/11\/FMT-ISO-1400_en.pdf\" target=\"_blank\" class=\"vc_single_image-wrapper   vc_box_border_grey\"><img loading=\"lazy\" decoding=\"async\" width=\"640\" height=\"586\" src=\"https:\/\/fmtjenerator.com.tr\/wp-content\/uploads\/2022\/11\/ISO-14001-2015.png\" class=\"vc_single_image-img attachment-full\" alt=\"\" srcset=\"https:\/\/fmtjenerator.com.tr\/wp-content\/uploads\/2022\/11\/ISO-14001-2015.png 640w, https:\/\/fmtjenerator.com.tr\/wp-content\/uploads\/2022\/11\/ISO-14001-2015-300x275.png 300w, https:\/\/fmtjenerator.com.tr\/wp-content\/uploads\/2022\/11\/ISO-14001-2015-13x12.png 13w, https:\/\/fmtjenerator.com.tr\/wp-content\/uploads\/2022\/11\/ISO-14001-2015-320x293.png 320w\" sizes=\"auto, (max-width: 640px) 100vw, 640px\" \/><\/a>\n\t\t<\/figure>\n\t<\/div>\n\n\t\t<\/div>\n\t<\/div>\n\t<\/div>\n\n\t<div class=\"vc_col-sm-4 wpb_column vc_column_container rt-column-container\">\n\t<div class=\"vc_column-inner rt-column-inner\">\n\t\t<div class=\"wpb_wrapper rt-wrapper\">\n\t\t\t\n\t<div  class=\"wpb_single_image wpb_content_element vc_align_center   cert\">\n\t\t\n\t\t<figure class=\"wpb_wrapper vc_figure\">\n\t\t\t<a href=\"https:\/\/fmtjenerator.com.tr\/wp-content\/uploads\/2022\/11\/FMT-ISO-45001_en.pdf\" target=\"_blank\" class=\"vc_single_image-wrapper   vc_box_border_grey\"><img loading=\"lazy\" decoding=\"async\" width=\"640\" height=\"586\" src=\"https:\/\/fmtjenerator.com.tr\/wp-content\/uploads\/2022\/11\/ISO-45001-2018.png\" class=\"vc_single_image-img attachment-full\" alt=\"\" srcset=\"https:\/\/fmtjenerator.com.tr\/wp-content\/uploads\/2022\/11\/ISO-45001-2018.png 640w, https:\/\/fmtjenerator.com.tr\/wp-content\/uploads\/2022\/11\/ISO-45001-2018-300x275.png 300w, https:\/\/fmtjenerator.com.tr\/wp-content\/uploads\/2022\/11\/ISO-45001-2018-13x12.png 13w, https:\/\/fmtjenerator.com.tr\/wp-content\/uploads\/2022\/11\/ISO-45001-2018-320x293.png 320w\" sizes=\"auto, (max-width: 640px) 100vw, 640px\" \/><\/a>\n\t\t<\/figure>\n\t<\/div>\n\n\t\t<\/div>\n\t<\/div>\n\t<\/div>\n<\/div>\n<\/div>\n\n<div  class=\"content_row row vc_row wpb_row vc_inner  global-style fullwidth\">\n\t\n\t<div class=\"content_row_wrapper  default\"><div class=\"vc_col-sm-4 wpb_column vc_column_container rt-column-container\">\n\t<div class=\"vc_column-inner rt-column-inner\">\n\t\t<div class=\"wpb_wrapper rt-wrapper\">\n\t\t\t\n\t<div  class=\"wpb_single_image wpb_content_element vc_align_center   cert\">\n\t\t\n\t\t<figure class=\"wpb_wrapper vc_figure\">\n\t\t\t<div class=\"vc_single_image-wrapper   vc_box_border_grey\"><\/div>\n\t\t<\/figure>\n\t<\/div>\n\n\t\t<\/div>\n\t<\/div>\n\t<\/div>\n\n\t<div class=\"vc_col-sm-4 wpb_column vc_column_container rt-column-container\">\n\t<div class=\"vc_column-inner rt-column-inner\">\n\t\t<div class=\"wpb_wrapper rt-wrapper\">\n\t\t\t\n\t<div  class=\"wpb_single_image wpb_content_element vc_align_center   cert\">\n\t\t\n\t\t<figure class=\"wpb_wrapper vc_figure\">\n\t\t\t<div class=\"vc_single_image-wrapper   vc_box_border_grey\"><\/div>\n\t\t<\/figure>\n\t<\/div>\n\n\t\t<\/div>\n\t<\/div>\n\t<\/div>\n\n\t<div class=\"vc_col-sm-4 wpb_column vc_column_container rt-column-container\">\n\t<div class=\"vc_column-inner rt-column-inner\">\n\t\t<div class=\"wpb_wrapper rt-wrapper\">\n\t\t\t\n\t<div  class=\"wpb_single_image wpb_content_element vc_align_center   cert\">\n\t\t\n\t\t<figure class=\"wpb_wrapper vc_figure\">\n\t\t\t<div class=\"vc_single_image-wrapper   vc_box_border_grey\"><\/div>\n\t\t<\/figure>\n\t<\/div>\n\n\t\t<\/div>\n\t<\/div>\n\t<\/div>\n<\/div>\n<\/div>\n\n<div  class=\"content_row row vc_row wpb_row vc_inner  global-style fullwidth\">\n\t\n\t<div class=\"content_row_wrapper  default\"><div class=\"vc_col-sm-4 wpb_column vc_column_container rt-column-container\">\n\t<div class=\"vc_column-inner rt-column-inner\">\n\t\t<div class=\"wpb_wrapper rt-wrapper\">\n\t\t\t\n\t<div  class=\"wpb_single_image wpb_content_element vc_align_center   cert\">\n\t\t\n\t\t<figure class=\"wpb_wrapper vc_figure\">\n\t\t\t<div class=\"vc_single_image-wrapper   vc_box_border_grey\"><\/div>\n\t\t<\/figure>\n\t<\/div>\n\n\t\t<\/div>\n\t<\/div>\n\t<\/div>\n\n\t<div class=\"vc_col-sm-4 wpb_column vc_column_container rt-column-container\">\n\t<div class=\"vc_column-inner rt-column-inner\">\n\t\t<div class=\"wpb_wrapper rt-wrapper\">\n\t\t\t\n\t<div  class=\"wpb_single_image wpb_content_element vc_align_center   cert\">\n\t\t\n\t\t<figure class=\"wpb_wrapper vc_figure\">\n\t\t\t<div class=\"vc_single_image-wrapper   vc_box_border_grey\"><\/div>\n\t\t<\/figure>\n\t<\/div>\n\n\t\t<\/div>\n\t<\/div>\n\t<\/div>\n\n\t<div class=\"vc_col-sm-4 wpb_column vc_column_container rt-column-container\">\n\t<div class=\"vc_column-inner rt-column-inner\">\n\t\t<div class=\"wpb_wrapper rt-wrapper\">\n\t\t\t\n\t\t<\/div>\n\t<\/div>\n\t<\/div>\n<\/div>\n<\/div>\n\n\t\t<\/div>\n\t<\/div>\n\t<\/div>\n<\/div>\n<\/div>","protected":false},"excerpt":{"rendered":"ABOUT USOUR HISTORYMISSION &amp; VISIONCERTIFICATES DOWNLOADBrochures COMPANY PROFILE Do you have any questions? Contact us or submit a business inquiry online Contact us","protected":false},"author":1,"featured_media":0,"parent":4168,"menu_order":0,"comment_status":"closed","ping_status":"closed","template":"","meta":{"footnotes":""},"class_list":["post-5018","page","type-page","status-publish","hentry"],"_links":{"self":[{"href":"https:\/\/fmtjenerator.com.tr\/es\/wp-json\/wp\/v2\/pages\/5018","targetHints":{"allow":["GET"]}}],"collection":[{"href":"https:\/\/fmtjenerator.com.tr\/es\/wp-json\/wp\/v2\/pages"}],"about":[{"href":"https:\/\/fmtjenerator.com.tr\/es\/wp-json\/wp\/v2\/types\/page"}],"author":[{"embeddable":true,"href":"https:\/\/fmtjenerator.com.tr\/es\/wp-json\/wp\/v2\/users\/1"}],"replies":[{"embeddable":true,"href":"https:\/\/fmtjenerator.com.tr\/es\/wp-json\/wp\/v2\/comments?post=5018"}],"version-history":[{"count":0,"href":"https:\/\/fmtjenerator.com.tr\/es\/wp-json\/wp\/v2\/pages\/5018\/revisions"}],"up":[{"embeddable":true,"href":"https:\/\/fmtjenerator.com.tr\/es\/wp-json\/wp\/v2\/pages\/4168"}],"wp:attachment":[{"href":"https:\/\/fmtjenerator.com.tr\/es\/wp-json\/wp\/v2\/media?parent=5018"}],"curies":[{"name":"wp","href":"https:\/\/api.w.org\/{rel}","templated":true}]}}