{"id":5924,"date":"2021-11-11T09:06:14","date_gmt":"2021-11-11T08:06:14","guid":{"rendered":"http:\/\/localhost\/fmtjenerator\/?page_id=5924"},"modified":"2022-12-29T13:15:12","modified_gmt":"2022-12-29T12:15:12","slug":"our-team","status":"publish","type":"page","link":"https:\/\/fmtjenerator.com.tr\/es\/sobre-nosotros\/nuestro-equipo\/","title":{"rendered":"Nuestro Equipo"},"content":{"rendered":"<div  class=\"content_row row vc_row wpb_row  alt-style-1 fullwidth has-custom-bg rt-1969268\">\n\t<div class=\"rt-parallax-background has-bg-image\" data-rt-parallax-direction=\"1\" data-rt-parallax-effect=\"vertical\" data-rt-parallax-speed=\"1\" style=\"background-image: url(https:\/\/fmtjenerator.com.tr\/wp-content\/uploads\/2022\/11\/dotted-bg-dark.png);background-repeat: repeat!important;background-size: cover!important;background-position: right top!important;\"><\/div>\n\t<div class=\"content_row_wrapper  default\"><div class=\"vc_col-sm-4 wpb_column vc_column_container rt-1916758 rt-column-container\">\n\t<div class=\"vc_column-inner rt-column-inner\">\n\t\t<div class=\"wpb_wrapper rt-wrapper\">\n\t\t\t\n\t<div  class=\"wpb_single_image wpb_content_element vc_align_left  vc_custom_1667902409415\">\n\t\t\n\t\t<figure class=\"wpb_wrapper vc_figure\">\n\t\t\t<div class=\"vc_single_image-wrapper vc_box_shadow_3d  vc_box_border_grey\"><img loading=\"lazy\" decoding=\"async\" width=\"400\" height=\"495\" src=\"https:\/\/fmtjenerator.com.tr\/wp-content\/uploads\/2022\/11\/Enida-1.png\" class=\"vc_single_image-img attachment-full\" alt=\"\" srcset=\"https:\/\/fmtjenerator.com.tr\/wp-content\/uploads\/2022\/11\/Enida-1.png 400w, https:\/\/fmtjenerator.com.tr\/wp-content\/uploads\/2022\/11\/Enida-1-242x300.png 242w, https:\/\/fmtjenerator.com.tr\/wp-content\/uploads\/2022\/11\/Enida-1-10x12.png 10w, https:\/\/fmtjenerator.com.tr\/wp-content\/uploads\/2022\/11\/Enida-1-200x247.png 200w\" sizes=\"auto, (max-width: 400px) 100vw, 400px\" \/><\/div>\n\t\t<\/figure>\n\t<\/div>\n\n\t\t<\/div>\n\t<\/div>\n\t<\/div>\n\n\t<div class=\"vc_col-sm-8 wpb_column vc_column_container rt-5504906 rt-column-container\">\n\t<div class=\"vc_column-inner rt-column-inner\">\n\t\t<div class=\"wpb_wrapper rt-wrapper\">\n\t\t\t\n\t\t<article class=\"content-box content-box2\">\n\t\t<div class=\"rt-heading-wrapper style-5\">\n\t\t\t\t\t\t<h1 class=\"rt-heading style-5\" >Departamento de Marketing<\/h1>\n\t\t\t\t\t<\/div>\n\t\t<div class=\"content-holder\">\n\t\t\t<p>Tras m\u00e1s de 20 a\u00f1os de experiencia, nuestro factor diferencial es nuestra dedicaci\u00f3n al cliente. Nuestro personal profesional, desde el departamento de marketing hasta nuestros expertos t\u00e9cnicos, respalda nuestros productos y se compromete a servir al cliente lo mejor que pueda. Es esta valiosa caracter\u00edstica la que nos coloca en una posici\u00f3n de liderazgo.<\/p>\n<p>Seguimos haciendo nuestro mejor esfuerzo para suministrar a nuestros clientes excelentes productos a precios competitivos y brindarles un servicio profesional, oportuno y personalizado. Todas las solicitudes y consultas de los clientes se eval\u00faan con la mayor importancia, profesionalismo, rapidez y cortes\u00eda.<\/p>\n<p>No escatimaremos esfuerzos en el cumplimiento de nuestra misi\u00f3n, porque conocemos, al igual que nuestros queridos clientes, la satisfacci\u00f3n del \u201ctrabajo bien hecho\u201d. Ese es nuestro objetivo final. Esperamos continuar encontrando las soluciones energ\u00e9ticas para satisfacer sus necesidades.<\/p>\n\n\t\t\t\n\t\t<\/div>\n\t\t<\/article>\n\t\t\n\t\t<\/div>\n\t<\/div>\n\t<\/div>\n<\/div>\n<\/div>\n\n<div  class=\"content_row row vc_row wpb_row  default-style fullwidth rt-6016381\">\n\t\n\t<div class=\"content_row_wrapper  fullwidth\">\n\t<div class=\"vc_col-sm-12 wpb_column vc_column_container rt-column-container\">\n\t<div class=\"vc_column-inner rt-column-inner\">\n\t\t<div class=\"wpb_wrapper rt-wrapper\">\n\t\t\t<h2 style=\"color: #ffffff;text-align: center;font-family:Jura;font-weight:400;font-style:normal\" class=\"vc_custom_heading\" >\"La fuerza del equipo es cada miembro individual.<br \/>\nLa fuerza de cada miembro es el equipo\"<\/h2>\n<div class=\"vc_grid-container-wrapper vc_clearfix\">\n\t<div class=\"vc_grid-container vc_clearfix wpb_content_element vc_media_grid\" data-initial-loading-animation=\"fadeIn\" data-vc-grid-settings=\"{&quot;page_id&quot;:5924,&quot;style&quot;:&quot;all&quot;,&quot;action&quot;:&quot;vc_get_vc_grid_data&quot;,&quot;shortcode_id&quot;:&quot;1672309784733-c3c71d4d-9b9b-3&quot;,&quot;tag&quot;:&quot;vc_media_grid&quot;}\" data-vc-request=\"https:\/\/fmtjenerator.com.tr\/wp-admin\/admin-ajax.php\" data-vc-post-id=\"5924\" data-vc-public-nonce=\"96c928181b\">\n\t\t\n\t<\/div>\n<\/div>\n\t\t<\/div>\n\t<\/div>\n\t<\/div>\n\n<\/div>\n<\/div>\n\n<div  class=\"content_row row vc_row wpb_row  default-style fullwidth\">\n\t\n\t<div class=\"content_row_wrapper  default\">\n\t<div class=\"vc_col-sm-12 wpb_column vc_column_container rt-column-container\">\n\t<div class=\"vc_column-inner rt-column-inner\">\n\t\t<div class=\"wpb_wrapper rt-wrapper\">\n\t\t\t\n\t\t<\/div>\n\t<\/div>\n\t<\/div>\n\n<\/div>\n<\/div>\n\n<div  class=\"content_row row vc_row wpb_row  default-style fullwidth\">\n\t\n\t<div class=\"content_row_wrapper  default\">\n\t<div class=\"vc_col-sm-12 wpb_column vc_column_container rt-column-container\">\n\t<div class=\"vc_column-inner rt-column-inner\">\n\t\t<div class=\"wpb_wrapper rt-wrapper\">\n\t\t\t\n\t\t<\/div>\n\t<\/div>\n\t<\/div>\n\n<\/div>\n<\/div>\n\n<div  class=\"content_row row vc_row wpb_row  default-style fullwidth\">\n\t\n\t<div class=\"content_row_wrapper  default\">\n\t<div class=\"vc_col-sm-12 wpb_column vc_column_container rt-column-container\">\n\t<div class=\"vc_column-inner rt-column-inner\">\n\t\t<div class=\"wpb_wrapper rt-wrapper\">\n\t\t\t\n<div  class=\"content_row row vc_row wpb_row vc_inner  global-style fullwidth\">\n\t\n\t<div class=\"content_row_wrapper  default\"><div class=\"vc_col-sm-6 wpb_column vc_column_container rt-column-container\">\n\t<div class=\"vc_column-inner rt-column-inner\">\n\t\t<div class=\"wpb_wrapper rt-wrapper\">\n\t\t\t\n\t\t<article class=\"content-box content-box2\">\n\t\t<div class=\"rt-heading-wrapper style-5\">\n\t\t\t\t\t\t<h1 class=\"rt-heading style-5\" >INVESTIGACI\u00d3N Y DESARROLLO<\/h1>\n\t\t\t\t\t<\/div>\n\t\t<div class=\"content-holder\">\n\t\t\t<p>El Departamento de I+D de Fmt Group trabaja con el objetivo de llevar innovaci\u00f3n y soluciones a todos los clientes.<\/p>\n\n\t\t\t\n\t\t<\/div>\n\t\t<\/article>\n\t\t\n\t\t<article class=\"content-box content-box2\">\n\t\t<div class=\"rt-heading-wrapper\">\n\t\t\t\t\t\t<h1 class=\"rt-heading\" ><\/h1>\n\t\t\t\t\t<\/div>\n\t\t<div class=\"content-holder\">\n\t\t\t<p style=\"text-align: left;\">Nuestros ingenieros han desarrollado un dise\u00f1o est\u00e9ticamente agradable que ofrece todos los componentes integrales de un grupo electr\u00f3geno dentro de una configuraci\u00f3n compacta. Tambi\u00e9n ofrece caracter\u00edsticas innovadoras, como un panel de control automatizado y un dise\u00f1o interior basado en simulaciones de flujo de aire, para lograr las condiciones de enfriamiento y circulaci\u00f3n de aire m\u00e1s \u00f3ptimas.<\/p>\n<p style=\"text-align: left;\">Todo esto se hace con \u00e9nfasis en la seguridad y el medio ambiente circundante, es por eso que nuestros ingenieros trabajan para mejorar continuamente las emisiones de sonido, ofreciendo as\u00ed un mejor producto para uso en interiores o exteriores.<\/p>\n<p style=\"text-align: left;\">Nuestro departamento de I+D se enfrenta a numerosos proyectos personalizados de nuestros clientes que requieren nuevas soluciones, lo que nos permite mejorar a\u00fan m\u00e1s los dise\u00f1os actuales y enriquecer nuestro conocimiento. Esta experiencia nos da la confianza para garantizar a nuestros clientes que recibir\u00e1n uno de los mejores productos del mercado, en un tiempo r\u00e9cord.<\/p>\n\n\t\t\t\n\t\t<\/div>\n\t\t<\/article>\n\t\t\n\t\t<\/div>\n\t<\/div>\n\t<\/div>\n\n\t<div class=\"vc_col-sm-6 wpb_column vc_column_container rt-column-container\">\n\t<div class=\"vc_column-inner rt-column-inner\">\n\t\t<div class=\"wpb_wrapper rt-wrapper\">\n\t\t\t\n\t<div  class=\"wpb_single_image wpb_content_element vc_align_left\">\n\t\t\n\t\t<figure class=\"wpb_wrapper vc_figure\">\n\t\t\t<div class=\"vc_single_image-wrapper   vc_box_border_grey\"><img loading=\"lazy\" decoding=\"async\" width=\"903\" height=\"414\" src=\"https:\/\/fmtjenerator.com.tr\/wp-content\/uploads\/2022\/11\/Fmt-Group_team_009.jpg\" class=\"vc_single_image-img attachment-full\" alt=\"\" srcset=\"https:\/\/fmtjenerator.com.tr\/wp-content\/uploads\/2022\/11\/Fmt-Group_team_009.jpg 903w, https:\/\/fmtjenerator.com.tr\/wp-content\/uploads\/2022\/11\/Fmt-Group_team_009-300x138.jpg 300w, https:\/\/fmtjenerator.com.tr\/wp-content\/uploads\/2022\/11\/Fmt-Group_team_009-768x352.jpg 768w, https:\/\/fmtjenerator.com.tr\/wp-content\/uploads\/2022\/11\/Fmt-Group_team_009-18x8.jpg 18w, https:\/\/fmtjenerator.com.tr\/wp-content\/uploads\/2022\/11\/Fmt-Group_team_009-451x207.jpg 451w\" sizes=\"auto, (max-width: 903px) 100vw, 903px\" \/><\/div>\n\t\t<\/figure>\n\t<\/div>\n\n\t<div  class=\"wpb_single_image wpb_content_element vc_align_left\">\n\t\t\n\t\t<figure class=\"wpb_wrapper vc_figure\">\n\t\t\t<div class=\"vc_single_image-wrapper   vc_box_border_grey\"><img loading=\"lazy\" decoding=\"async\" width=\"903\" height=\"356\" src=\"https:\/\/fmtjenerator.com.tr\/wp-content\/uploads\/2022\/11\/Fmt-Group_team_0010.jpg\" class=\"vc_single_image-img attachment-full\" alt=\"\" srcset=\"https:\/\/fmtjenerator.com.tr\/wp-content\/uploads\/2022\/11\/Fmt-Group_team_0010.jpg 903w, https:\/\/fmtjenerator.com.tr\/wp-content\/uploads\/2022\/11\/Fmt-Group_team_0010-300x118.jpg 300w, https:\/\/fmtjenerator.com.tr\/wp-content\/uploads\/2022\/11\/Fmt-Group_team_0010-768x303.jpg 768w, https:\/\/fmtjenerator.com.tr\/wp-content\/uploads\/2022\/11\/Fmt-Group_team_0010-18x7.jpg 18w, https:\/\/fmtjenerator.com.tr\/wp-content\/uploads\/2022\/11\/Fmt-Group_team_0010-451x178.jpg 451w\" sizes=\"auto, (max-width: 903px) 100vw, 903px\" \/><\/div>\n\t\t<\/figure>\n\t<\/div>\n\n\t\t<\/div>\n\t<\/div>\n\t<\/div>\n<\/div>\n<\/div>\n\n\t\t<\/div>\n\t<\/div>\n\t<\/div>\n\n<\/div>\n<\/div>\n\n<div  class=\"content_row row vc_row wpb_row  default-style fullwidth\">\n\t\n\t<div class=\"content_row_wrapper  default\">\n\t<div class=\"vc_col-sm-12 wpb_column vc_column_container rt-column-container\">\n\t<div class=\"vc_column-inner rt-column-inner\">\n\t\t<div class=\"wpb_wrapper rt-wrapper\">\n\t\t\t<div class=\"vc_separator wpb_content_element vc_separator_align_center vc_sep_width_100 vc_sep_style-1 vc_sep_pos_align_center vc_separator_no_text\" ><span class=\"vc_sep_holder vc_sep_holder_l\"><span  class=\"vc_sep_line\"><\/span><\/span><span class=\"vc_sep_holder vc_sep_holder_r\"><span  class=\"vc_sep_line\"><\/span><\/span>\n<\/div>\n\t\t<\/div>\n\t<\/div>\n\t<\/div>\n\n<\/div>\n<\/div>\n\n<div  class=\"content_row row vc_row wpb_row  default-style fullwidth rt-6499402\">\n\t\n\t<div class=\"content_row_wrapper  default\">\n\t<div class=\"vc_col-sm-12 wpb_column vc_column_container rt-column-container\">\n\t<div class=\"vc_column-inner rt-column-inner\">\n\t\t<div class=\"wpb_wrapper rt-wrapper\">\n\t\t\t\n\t\t<article class=\"content-box content-box2\">\n\t\t<div class=\"rt-heading-wrapper style-5\">\n\t\t\t\t\t\t<h1 class=\"rt-heading style-5\" >DEPARTAMENTO POSTVENTA<\/h1>\n\t\t\t\t\t<\/div>\n\t\t<div class=\"content-holder\">\n\t\t\t<p>FMT Group ofrece soluciones de energ\u00eda adem\u00e1s de una gama completa de servicios que incluyen dise\u00f1o de sistemas, gesti\u00f3n de proyectos, operaci\u00f3n y mantenimiento.<\/p>\n\n\t\t\t\n\t\t<\/div>\n\t\t<\/article>\n\t\t\n\t\t<article class=\"content-box content-box2\">\n\t\t<div class=\"rt-heading-wrapper\">\n\t\t\t\t\t\t<h1 class=\"rt-heading\" ><\/h1>\n\t\t\t\t\t<\/div>\n\t\t<div class=\"content-holder\">\n\t\t\t<p>FMT Group brinda soporte t\u00e9cnico r\u00e1pido y efectivo centrado incondicionalmente en el cliente para sus clientes y socios con una amplia gama de grupos electr\u00f3genos, UPS y AVS, y tambi\u00e9n puede brindar soporte t\u00e9cnico efectivo para otras marcas de grupos electr\u00f3genos, UPS y AVS. El departamento de posventa de FMT ayudar\u00e1 al cliente a evaluar el dise\u00f1o de su cableado y la configuraci\u00f3n adecuada para instalar el equipo FMT.<\/p>\n<p>El departamento de instalaci\u00f3n instalar\u00e1 y probar\u00e1 el equipo para los clientes. Se ofrece a los clientes un paquete completo de mantenimiento y servicio, para todo el mantenimiento y servicio peri\u00f3dico que requiere el equipo.<\/p>\n<p>Como recompensa por nuestra reputaci\u00f3n como un \"socio confiable de soluciones de energ\u00eda\", siempre ofrecemos la flexibilidad para satisfacer sus necesidades y encontrar las mejores soluciones que brinden el m\u00e1ximo rendimiento, gracias a nuestro equipo t\u00e9cnico altamente calificado y nuestro s\u00f3lido soporte al cliente.<\/p>\n\n\t\t\t\n\t\t<\/div>\n\t\t<\/article>\n\t\t\n<div  class=\"content_row row vc_row wpb_row vc_inner  global-style fullwidth\">\n\t\n\t<div class=\"content_row_wrapper  default\"><div class=\"vc_col-sm-4 wpb_column vc_column_container rt-column-container\">\n\t<div class=\"vc_column-inner rt-column-inner\">\n\t\t<div class=\"wpb_wrapper rt-wrapper\">\n\t\t\t\n\t<div  class=\"wpb_single_image wpb_content_element vc_align_left\">\n\t\t\n\t\t<figure class=\"wpb_wrapper vc_figure\">\n\t\t\t<div class=\"vc_single_image-wrapper   vc_box_border_grey\"><img loading=\"lazy\" decoding=\"async\" width=\"903\" height=\"587\" src=\"https:\/\/fmtjenerator.com.tr\/wp-content\/uploads\/2022\/11\/Fmt-Group_team_011.jpg\" class=\"vc_single_image-img attachment-full\" alt=\"\" srcset=\"https:\/\/fmtjenerator.com.tr\/wp-content\/uploads\/2022\/11\/Fmt-Group_team_011.jpg 903w, https:\/\/fmtjenerator.com.tr\/wp-content\/uploads\/2022\/11\/Fmt-Group_team_011-300x195.jpg 300w, https:\/\/fmtjenerator.com.tr\/wp-content\/uploads\/2022\/11\/Fmt-Group_team_011-768x499.jpg 768w, https:\/\/fmtjenerator.com.tr\/wp-content\/uploads\/2022\/11\/Fmt-Group_team_011-18x12.jpg 18w, https:\/\/fmtjenerator.com.tr\/wp-content\/uploads\/2022\/11\/Fmt-Group_team_011-451x293.jpg 451w\" sizes=\"auto, (max-width: 903px) 100vw, 903px\" \/><\/div>\n\t\t<\/figure>\n\t<\/div>\n\n\t\t<\/div>\n\t<\/div>\n\t<\/div>\n\n\t<div class=\"vc_col-sm-4 wpb_column vc_column_container rt-column-container\">\n\t<div class=\"vc_column-inner rt-column-inner\">\n\t\t<div class=\"wpb_wrapper rt-wrapper\">\n\t\t\t\n\t<div  class=\"wpb_single_image wpb_content_element vc_align_left\">\n\t\t\n\t\t<figure class=\"wpb_wrapper vc_figure\">\n\t\t\t<div class=\"vc_single_image-wrapper   vc_box_border_grey\"><img loading=\"lazy\" decoding=\"async\" width=\"903\" height=\"587\" src=\"https:\/\/fmtjenerator.com.tr\/wp-content\/uploads\/2022\/11\/Fmt-Group_team_012.jpg\" class=\"vc_single_image-img attachment-full\" alt=\"\" srcset=\"https:\/\/fmtjenerator.com.tr\/wp-content\/uploads\/2022\/11\/Fmt-Group_team_012.jpg 903w, https:\/\/fmtjenerator.com.tr\/wp-content\/uploads\/2022\/11\/Fmt-Group_team_012-300x195.jpg 300w, https:\/\/fmtjenerator.com.tr\/wp-content\/uploads\/2022\/11\/Fmt-Group_team_012-768x499.jpg 768w, https:\/\/fmtjenerator.com.tr\/wp-content\/uploads\/2022\/11\/Fmt-Group_team_012-18x12.jpg 18w, https:\/\/fmtjenerator.com.tr\/wp-content\/uploads\/2022\/11\/Fmt-Group_team_012-451x293.jpg 451w\" sizes=\"auto, (max-width: 903px) 100vw, 903px\" \/><\/div>\n\t\t<\/figure>\n\t<\/div>\n\n\t\t<\/div>\n\t<\/div>\n\t<\/div>\n\n\t<div class=\"vc_col-sm-4 wpb_column vc_column_container rt-column-container\">\n\t<div class=\"vc_column-inner rt-column-inner\">\n\t\t<div class=\"wpb_wrapper rt-wrapper\">\n\t\t\t\n\t<div  class=\"wpb_single_image wpb_content_element vc_align_left\">\n\t\t\n\t\t<figure class=\"wpb_wrapper vc_figure\">\n\t\t\t<div class=\"vc_single_image-wrapper   vc_box_border_grey\"><img loading=\"lazy\" decoding=\"async\" width=\"903\" height=\"586\" src=\"https:\/\/fmtjenerator.com.tr\/wp-content\/uploads\/2022\/11\/Fmt-Group_team_013.jpg\" class=\"vc_single_image-img attachment-full\" alt=\"\" srcset=\"https:\/\/fmtjenerator.com.tr\/wp-content\/uploads\/2022\/11\/Fmt-Group_team_013.jpg 903w, https:\/\/fmtjenerator.com.tr\/wp-content\/uploads\/2022\/11\/Fmt-Group_team_013-300x195.jpg 300w, https:\/\/fmtjenerator.com.tr\/wp-content\/uploads\/2022\/11\/Fmt-Group_team_013-768x498.jpg 768w, https:\/\/fmtjenerator.com.tr\/wp-content\/uploads\/2022\/11\/Fmt-Group_team_013-18x12.jpg 18w, https:\/\/fmtjenerator.com.tr\/wp-content\/uploads\/2022\/11\/Fmt-Group_team_013-451x293.jpg 451w\" sizes=\"auto, (max-width: 903px) 100vw, 903px\" \/><\/div>\n\t\t<\/figure>\n\t<\/div>\n\n\t\t<\/div>\n\t<\/div>\n\t<\/div>\n<\/div>\n<\/div>\n\n<div  class=\"content_row row vc_row wpb_row vc_inner  global-style fullwidth\">\n\t\n\t<div class=\"content_row_wrapper  default\">\n\t<div class=\"vc_col-sm-12 wpb_column vc_column_container rt-column-container\">\n\t<div class=\"vc_column-inner rt-column-inner\">\n\t\t<div class=\"wpb_wrapper rt-wrapper\">\n\t\t\t<div class=\"rt-heading-wrapper rt-6319841\">\n\t\t\t\t\t\t<h1 class=\"rt-heading\" >El sistema de soluciones perfectas incluye:<\/h1>\n\t\t\t\t\t<\/div>\n\t<div class=\"wpb_text_column wpb_content_element\" >\n\t\t<div class=\"wpb_wrapper\">\n\t\t\t<p>\u2714 Servicio del sitio<br \/>\n\u2714 Apoyo t\u00e9cnico<br \/>\n\u2714 Contratos de mantenimiento<br \/>\n\u2714 Modernizaci\u00f3n<br \/>\n\u2714 Piezas de repuesto<br \/>\n\u2714 Capacitaci\u00f3n<\/p>\n\n\t\t<\/div>\n\t<\/div>\n\n\t\t<\/div>\n\t<\/div>\n\t<\/div>\n\n<\/div>\n<\/div>\n\n\t\t<\/div>\n\t<\/div>\n\t<\/div>\n\n<\/div>\n<\/div>\n\n<div  class=\"content_row row vc_row wpb_row  default-style fullwidth\">\n\t\n\t<div class=\"content_row_wrapper  default\">\n\t<div class=\"vc_col-sm-12 wpb_column vc_column_container rt-column-container\">\n\t<div class=\"vc_column-inner rt-column-inner\">\n\t\t<div class=\"wpb_wrapper rt-wrapper\">\n\t\t\t<div class=\"rt-heading-wrapper style-4 rt-4032222\">\n\t\t\t\t\t\t<h3 class=\"rt-heading style-4\" >V\u00cdDEOS<\/h3>\n\t\t\t\t\t<\/div>\n<div  class=\"content_row row vc_row wpb_row vc_inner  global-style fullwidth\">\n\t\n\t<div class=\"content_row_wrapper  default\"><div class=\"vc_col-sm-6 wpb_column vc_column_container rt-column-container\">\n\t<div class=\"vc_column-inner rt-column-inner\">\n\t\t<div class=\"wpb_wrapper rt-wrapper\">\n\t\t\t\n\t<div class=\"wpb_video_widget wpb_content_element vc_clearfix   vc_video-aspect-ratio-169 vc_video-el-width-100 vc_video-align-left\" >\n\t\t<div class=\"wpb_wrapper\">\n\t\t\t\n\t\t\t<div class=\"wpb_video_wrapper\"><div class=\"video-container\"><iframe loading=\"lazy\" title=\"fmt group\" width=\"1060\" height=\"596\" src=\"https:\/\/www.youtube.com\/embed\/sSYgra6rZJM?feature=oembed\" frameborder=\"0\" allow=\"accelerometer; autoplay; clipboard-write; encrypted-media; gyroscope; picture-in-picture\" allowfullscreen><\/iframe><\/div><\/div>\n\t\t<\/div>\n\t<\/div>\n\n\t\t<\/div>\n\t<\/div>\n\t<\/div>\n\n\t<div class=\"vc_col-sm-6 wpb_column vc_column_container rt-column-container\">\n\t<div class=\"vc_column-inner rt-column-inner\">\n\t\t<div class=\"wpb_wrapper rt-wrapper\">\n\t\t\t\n\t<div class=\"wpb_video_widget wpb_content_element vc_clearfix   vc_video-aspect-ratio-169 vc_video-el-width-100 vc_video-align-left\" >\n\t\t<div class=\"wpb_wrapper\">\n\t\t\t\n\t\t\t<div class=\"wpb_video_wrapper\"><div class=\"video-container\"><iframe loading=\"lazy\" title=\"Fmt Genset Presentation\" width=\"1060\" height=\"596\" src=\"https:\/\/www.youtube.com\/embed\/R93X46wchLw?feature=oembed\" frameborder=\"0\" allow=\"accelerometer; autoplay; clipboard-write; encrypted-media; gyroscope; picture-in-picture\" allowfullscreen><\/iframe><\/div><\/div>\n\t\t<\/div>\n\t<\/div>\n\n\t\t<\/div>\n\t<\/div>\n\t<\/div>\n<\/div>\n<\/div>\n\n\t\t<\/div>\n\t<\/div>\n\t<\/div>\n\n<\/div>\n<\/div>","protected":false},"excerpt":{"rendered":"Marketing Department After more than 20 years of experience, our distinguishing factor is our dedication to the customer. Our professional staff, starting from the marketing department, to our technical experts stand behind our products and make a commitment to serve the costumer to the best of their capabilities. It is this valuable feature that puts [...]","protected":false},"author":1,"featured_media":0,"parent":4168,"menu_order":0,"comment_status":"closed","ping_status":"closed","template":"","meta":{"footnotes":""},"class_list":["post-5924","page","type-page","status-publish","hentry"],"_links":{"self":[{"href":"https:\/\/fmtjenerator.com.tr\/es\/wp-json\/wp\/v2\/pages\/5924","targetHints":{"allow":["GET"]}}],"collection":[{"href":"https:\/\/fmtjenerator.com.tr\/es\/wp-json\/wp\/v2\/pages"}],"about":[{"href":"https:\/\/fmtjenerator.com.tr\/es\/wp-json\/wp\/v2\/types\/page"}],"author":[{"embeddable":true,"href":"https:\/\/fmtjenerator.com.tr\/es\/wp-json\/wp\/v2\/users\/1"}],"replies":[{"embeddable":true,"href":"https:\/\/fmtjenerator.com.tr\/es\/wp-json\/wp\/v2\/comments?post=5924"}],"version-history":[{"count":0,"href":"https:\/\/fmtjenerator.com.tr\/es\/wp-json\/wp\/v2\/pages\/5924\/revisions"}],"up":[{"embeddable":true,"href":"https:\/\/fmtjenerator.com.tr\/es\/wp-json\/wp\/v2\/pages\/4168"}],"wp:attachment":[{"href":"https:\/\/fmtjenerator.com.tr\/es\/wp-json\/wp\/v2\/media?parent=5924"}],"curies":[{"name":"wp","href":"https:\/\/api.w.org\/{rel}","templated":true}]}}