{"id":4705,"date":"2021-10-30T15:15:27","date_gmt":"2021-10-30T15:15:27","guid":{"rendered":"http:\/\/localhost\/fmtjenerator\/?page_id=4705"},"modified":"2022-12-29T11:47:10","modified_gmt":"2022-12-29T10:47:10","slug":"history","status":"publish","type":"page","link":"https:\/\/fmtjenerator.com.tr\/sq\/rreth-nesh\/historiku\/","title":{"rendered":"Historiku"},"content":{"rendered":"<div  class=\"content_row row vc_row wpb_row  default-style fullwidth rt-9819824\">\n\t\n\t<div class=\"content_row_wrapper  default\"><div class=\"vc_col-sm-3 wpb_column vc_column_container rt-7314671 rt-column-container\">\n\t<div class=\"vc_column-inner rt-column-inner\">\n\t\t<div class=\"wpb_wrapper rt-wrapper\">\n\t\t\t<div class=\"button_wrapper  hero\"><a href=\"https:\/\/fmtjenerator.com.tr\/sq\/rreth-nesh\/\" target=\"_self\" title=\"RRETH NESH\" class=\"button_  custom hero rt-3344121\"><span><span class=\"button-icon icon-right-open\"><\/span><span>RRETH NESH<\/span><\/span><\/a><\/div><div class=\"button_wrapper  hero\"><a href=\"#\" target=\"_self\" title=\"#\" class=\"button_  custom hero rt-2948577\"><span><span class=\"button-icon icon-right-open\"><\/span><span>HISTORIKU<\/span><\/span><\/a><\/div><div class=\"button_wrapper  hero\"><a href=\"https:\/\/fmtjenerator.com.tr\/sq\/mission-vision\/\" target=\"_self\" title=\"MISIONI &amp; VIZIONI\" class=\"button_  custom hero rt-7919714\"><span><span class=\"button-icon icon-right-open\"><\/span><span>MISIONI &amp; VIZIONI<\/span><\/span><\/a><\/div><div class=\"button_wrapper  hero\"><a href=\"https:\/\/fmtjenerator.com.tr\/sq\/certificates\/\" target=\"_self\" title=\"CERTIFIKATAT\" class=\"button_  custom hero rt-5666897\"><span><span class=\"button-icon icon-right-open\"><\/span><span>CERTIFIKATAT<\/span><\/span><\/a><\/div><div class=\"vc_empty_space\"   style=\"height: 65px\"><span class=\"vc_empty_space_inner\"><\/span><\/div>\n\t\t<article class=\"content-box content-box2\">\n\t\t<div class=\"rt-heading-wrapper style-5\">\n\t\t\t\t\t\t<span class=\"punchline\">SHKARKO<\/span><h1 class=\"rt-heading style-5 with_punchline\" >Broshure<\/h1>\n\t\t\t\t\t<\/div>\n\t\t<div class=\"content-holder\">\n\t\t\t\n\t\t\t\n\t\t<\/div>\n\t\t<\/article>\n\t\t<div class=\"button_wrapper  hero\"><a href=\"https:\/\/fmtjenerator.com.tr\/wp-content\/uploads\/2022\/11\/FMT-Company-Profile.pdf\" target=\"_self\" title=\"PROFILI KOMPANISE\" class=\"button_  custom hero rt-7467204\"><span><span class=\"button-icon icon-basic-download\"><\/span><span>PROFILI KOMPANISE<\/span><\/span><\/a><\/div>\n<div  class=\"content_row row vc_row wpb_row vc_inner  global-style fullwidth rt-3830709\">\n\t\n\t<div class=\"content_row_wrapper  default\">\n\t<div class=\"vc_col-sm-12 wpb_column vc_column_container rt-column-container\">\n\t<div class=\"vc_column-inner rt-column-inner\">\n\t\t<div class=\"wpb_wrapper rt-wrapper\">\n\t\t\t\n\t\t<article class=\"content-box content-box2\">\n\t\t<div class=\"rt-heading-wrapper style-4\">\n\t\t\t\t\t\t<h3 class=\"rt-heading style-4\" >Keni ndonj\u00eb pyetje?<\/h3>\n\t\t\t\t\t<\/div>\n\t\t<div class=\"content-holder\">\n\t\t\t<p>Na kontaktoni ose plot\u00ebsoni formularin e k\u00ebrkes\u00ebs<\/p>\n\n\t\t\t\n\t\t<\/div>\n\t\t<\/article>\n\t\t<div class=\"button_wrapper\"><a href=\"https:\/\/fmtjenerator.com.tr\/sq\/kontakto\/\" target=\"_self\" title=\"Kontakto\" class=\"button_  style-2 small rt-7640285\"><span><span>Kontakto<\/span><\/span><\/a><\/div>\n\t\t<\/div>\n\t<\/div>\n\t<\/div>\n\n<\/div>\n<\/div>\n\n\t\t<\/div>\n\t<\/div>\n\t<\/div>\n\n\t<div class=\"vc_col-sm-9 wpb_column vc_column_container rt-9570666 rt-column-container\">\n\t<div class=\"vc_column-inner rt-column-inner\">\n\t\t<div class=\"wpb_wrapper rt-wrapper\">\n\t\t\t\t \n\t\t<div  class=\"timeline style-1\">\n\t\t\t \n\t\t<div  >\n\t\t\t \n\t\t<span class=\"event-date\">\n\t\t\t<span class=\"year\">2015-2022<\/span>\n\t\t<\/span>\n\t<div class=\"event-details\"><p>Gjat\u00eb viteve 2015-2022, FMT Group ka n\u00ebnshkruar dhe finalizuar kontrata t\u00eb ndryshme \nekskluzive me distributor\u00eb t\u00eb cil\u00ebt jan\u00eb shum\u00eb t\u00eb r\u00ebnd\u00ebsish\u00ebm n\u00eb tregun global n\u00eb vendet si:\nTunizia, Portugalia, Rusia, Azerbajxhani, Polonia, Etiopia, Malta, Republika \u00c7eke, Zvicra, \nNorvegjia, Australia etj\u2026<\/p>\n<\/div>\n\t\t<\/div>\n\t\t \n\t\t<div  >\n\t\t\t \n\t\t<span class=\"event-date\">\n\t\t\t<span class=\"year\">2014<\/span>\n\t\t<\/span>\n\t<div class=\"event-details\"><p>Ne 2014 filloi me nj\u00eb vizion t\u00eb ri t\u00eb fokusuar n\u00eb zgjerimin e tregut nd\u00ebrkomb\u00ebtar. Ky objektiv u arrit p\u00ebrmes nj\u00eb studimi t\u00eb thell\u00eb t\u00eb tregut, i cili dha rezultate t\u00eb dobishme.<\/p>\n<\/div>\n\t\t<\/div>\n\t\t \n\t\t<div  >\n\t\t\t \n\t\t<span class=\"event-date\">\n\t\t\t<span class=\"year\">2010<\/span>\n\t\t<\/span>\n\t<div class=\"event-details\"><p>N\u00eb vitin 2010 ne projektuam dhe lan\u00e7uam motorin FMT i cili perfshin fuqi t\u00eb vogla dhe t\u00eb mesme deri n\u00eb 1200 kVA. K\u00ebt\u00eb vit ne hap\u00ebm nj\u00eb deg\u00eb tjet\u00ebr, n\u00eb Mal t\u00eb Zi.<\/p>\n<\/div>\n\t\t<\/div>\n\t\t \n\t\t<div  >\n\t\t\t \n\t\t<span class=\"event-date\">\n\t\t\t<span class=\"year\">2008<\/span>\n\t\t<\/span>\n\t<div class=\"event-details\"><p>Nj\u00eb epok\u00eb e re filloi n\u00eb vitin 2008 kur aktiviteti i FMT Group u zgjerua n\u00eb Kosov\u00eb p\u00ebrmes shitjeve t\u00eb produkteve dhe sh\u00ebrbimeve t\u00eb kualifikuara profesionale.<\/p>\n<\/div>\n\t\t<\/div>\n\t\t \n\t\t<div  >\n\t\t\t \n\t\t<span class=\"event-date\">\n\t\t\t<span class=\"year\">2005<\/span>\n\t\t<\/span>\n\t<div class=\"event-details\"><p>N\u00eb vitin 2005 FMT Group filloi projektimin dhe prodhimin e 'FMT GENERATORS' dhe 'FMT UPS \/ Inverter'.<\/p>\n<\/div>\n\t\t<\/div>\n\t\t \n\t\t<div  >\n\t\t\t \n\t\t<span class=\"event-date\">\n\t\t\t<span class=\"year\">2001<\/span>\n\t\t<\/span>\n\t<div class=\"event-details\"><p>FMT Group filloi aktivitetin n\u00eb vitin 2001 si prodhues i stabilizator\u00ebve t\u00eb tensionit. N\u00eb fund t\u00eb vitit 2001 FMT Group hyri n\u00eb tregun e Gjenerator\u00ebve dhe UPS. Fillimisht FMT Group merrej vet\u00ebm me tregtimin e k\u00ebtyre produkteve.<\/p>\n<\/div>\n\t\t<\/div>\n\t\n\t\t<\/div>\n\t\n\t\t<\/div>\n\t<\/div>\n\t<\/div>\n<\/div>\n<\/div>","protected":false},"excerpt":{"rendered":"ABOUT USOUR HISTORYMISSION &amp; VISIONCERTIFICATES DOWNLOADBrochures COMPANY PROFILE Do you have any questions? Contact us or submit a business inquiry online Contact us 2015-2022 During 2015-2022 FMT Group has signed and finalized different exclusive contracts with distributors which are very important in the global market in countries such as: Tunisia, Portugal, Russia, Azerbaijan, Poland, Ethiopia, [...]","protected":false},"author":1,"featured_media":0,"parent":4168,"menu_order":0,"comment_status":"closed","ping_status":"closed","template":"","meta":{"footnotes":""},"class_list":["post-4705","page","type-page","status-publish","hentry"],"_links":{"self":[{"href":"https:\/\/fmtjenerator.com.tr\/sq\/wp-json\/wp\/v2\/pages\/4705","targetHints":{"allow":["GET"]}}],"collection":[{"href":"https:\/\/fmtjenerator.com.tr\/sq\/wp-json\/wp\/v2\/pages"}],"about":[{"href":"https:\/\/fmtjenerator.com.tr\/sq\/wp-json\/wp\/v2\/types\/page"}],"author":[{"embeddable":true,"href":"https:\/\/fmtjenerator.com.tr\/sq\/wp-json\/wp\/v2\/users\/1"}],"replies":[{"embeddable":true,"href":"https:\/\/fmtjenerator.com.tr\/sq\/wp-json\/wp\/v2\/comments?post=4705"}],"version-history":[{"count":0,"href":"https:\/\/fmtjenerator.com.tr\/sq\/wp-json\/wp\/v2\/pages\/4705\/revisions"}],"up":[{"embeddable":true,"href":"https:\/\/fmtjenerator.com.tr\/sq\/wp-json\/wp\/v2\/pages\/4168"}],"wp:attachment":[{"href":"https:\/\/fmtjenerator.com.tr\/sq\/wp-json\/wp\/v2\/media?parent=4705"}],"curies":[{"name":"wp","href":"https:\/\/api.w.org\/{rel}","templated":true}]}}