{"id":4711,"date":"2021-10-30T15:24:17","date_gmt":"2021-10-30T15:24:17","guid":{"rendered":"http:\/\/localhost\/fmtjenerator\/?page_id=4711"},"modified":"2022-12-29T11:40:41","modified_gmt":"2022-12-29T10:40:41","slug":"mission-vision","status":"publish","type":"page","link":"https:\/\/fmtjenerator.com.tr\/sq\/rreth-nesh\/misoni-vizioni\/","title":{"rendered":"Misioni &amp; Vizioni"},"content":{"rendered":"<div  class=\"content_row row vc_row wpb_row  default-style fullwidth rt-1835445\">\n\t\n\t<div class=\"content_row_wrapper  default\"><div class=\"vc_col-sm-3 wpb_column vc_column_container rt-7314671 rt-column-container\">\n\t<div class=\"vc_column-inner rt-column-inner\">\n\t\t<div class=\"wpb_wrapper rt-wrapper\">\n\t\t\t<div class=\"button_wrapper  hero\"><a href=\"https:\/\/fmtjenerator.com.tr\/sq\/rreth-nesh\/\" target=\"_self\" title=\"RRETH NESH\" class=\"button_  custom hero rt-3889138\"><span><span class=\"button-icon icon-right-open\"><\/span><span>RRETH NESH<\/span><\/span><\/a><\/div><div class=\"button_wrapper  hero\"><a href=\"https:\/\/fmtjenerator.com.tr\/sq\/history\/\" target=\"_self\" title=\"HISTORIKU\" class=\"button_  custom hero rt-4925523\"><span><span class=\"button-icon icon-right-open\"><\/span><span>HISTORIKU<\/span><\/span><\/a><\/div><div class=\"button_wrapper  hero\"><a href=\"#\" target=\"_self\" title=\"MISIONI &amp; VIZIONI\" class=\"button_  custom hero rt-7317076\"><span><span class=\"button-icon icon-right-open\"><\/span><span>MISIONI &amp; VIZIONI<\/span><\/span><\/a><\/div><div class=\"button_wrapper  hero\"><a href=\"https:\/\/fmtjenerator.com.tr\/sq\/certificates\/\" target=\"_self\" title=\"CERTIFIKATAT\" class=\"button_  custom hero rt-9287448\"><span><span class=\"button-icon icon-right-open\"><\/span><span>CERTIFIKATAT<\/span><\/span><\/a><\/div><div class=\"vc_empty_space\"   style=\"height: 65px\"><span class=\"vc_empty_space_inner\"><\/span><\/div>\n\t\t<article class=\"content-box content-box2\">\n\t\t<div class=\"rt-heading-wrapper style-5\">\n\t\t\t\t\t\t<span class=\"punchline\">SHKARKO<\/span><h1 class=\"rt-heading style-5 with_punchline\" >Broshure<\/h1>\n\t\t\t\t\t<\/div>\n\t\t<div class=\"content-holder\">\n\t\t\t\n\t\t\t\n\t\t<\/div>\n\t\t<\/article>\n\t\t<div class=\"button_wrapper  hero\"><a href=\"https:\/\/fmtjenerator.com.tr\/wp-content\/uploads\/2022\/11\/FMT-Company-Profile.pdf\" target=\"_self\" title=\"PROFILI KOMPANISE\" class=\"button_  custom hero rt-2323530\"><span><span class=\"button-icon icon-basic-download\"><\/span><span>PROFILI KOMPANISE<\/span><\/span><\/a><\/div>\n<div  class=\"content_row row vc_row wpb_row vc_inner  global-style fullwidth rt-3830709\">\n\t\n\t<div class=\"content_row_wrapper  default\">\n\t<div class=\"vc_col-sm-12 wpb_column vc_column_container rt-column-container\">\n\t<div class=\"vc_column-inner rt-column-inner\">\n\t\t<div class=\"wpb_wrapper rt-wrapper\">\n\t\t\t\n\t\t<article class=\"content-box content-box2\">\n\t\t<div class=\"rt-heading-wrapper style-4\">\n\t\t\t\t\t\t<h3 class=\"rt-heading style-4\" >Keni ndonj\u00eb pyetje?<\/h3>\n\t\t\t\t\t<\/div>\n\t\t<div class=\"content-holder\">\n\t\t\t<p>Na kontaktoni ose plot\u00ebsoni formularin e k\u00ebrkes\u00ebs<\/p>\n\n\t\t\t\n\t\t<\/div>\n\t\t<\/article>\n\t\t<div class=\"button_wrapper\"><a href=\"https:\/\/fmtjenerator.com.tr\/sq\/kontakto\/\" target=\"_self\" title=\"Kontakto\" class=\"button_  style-2 small rt-2852068\"><span><span>Kontakto<\/span><\/span><\/a><\/div>\n\t\t<\/div>\n\t<\/div>\n\t<\/div>\n\n<\/div>\n<\/div>\n\n\t\t<\/div>\n\t<\/div>\n\t<\/div>\n\n\t<div class=\"vc_col-sm-9 wpb_column vc_column_container rt-7690886 rt-column-container\">\n\t<div class=\"vc_column-inner rt-column-inner\">\n\t\t<div class=\"wpb_wrapper rt-wrapper\">\n\t\t\t\n<div  class=\"content_row row vc_row wpb_row vc_inner  global-style fullwidth rt-flex-wrapper min-height-row align-columns column-align-middle has-bg-image rt-2834991\">\n\t\n\t<div class=\"content_row_wrapper  default\">\n\t<div class=\"vc_col-sm-12 wpb_column vc_column_container rt-9838611 rt-column-container\">\n\t<div class=\"vc_column-inner rt-column-inner\">\n\t\t<div class=\"wpb_wrapper rt-wrapper\">\n\t\t\t\n\t\t<\/div>\n\t<\/div>\n\t<\/div>\n\n<\/div>\n<\/div>\n\n<div  class=\"content_row row vc_row wpb_row vc_inner  global-style fullwidth\">\n\t\n\t<div class=\"content_row_wrapper  default\"><div class=\"vc_col-sm-3 wpb_column vc_column_container rt-3510242 border-right rt-column-container\">\n\t<div class=\"vc_column-inner rt-column-inner\">\n\t\t<div class=\"wpb_wrapper rt-wrapper\">\n\t\t\t<div class=\"vc_icon_element vc_icon_element-outer vc_icon_element-align-center\"><div class=\"vc_icon_element-inner vc_icon_element-color-custom vc_icon_element-size-xl vc_icon_element-style- vc_icon_element-background-color-grey\" ><span class=\"vc_icon_element-icon far fa-eye\" style=\"color:#e53434 !important\"><\/span><\/div><\/div>\n\t\t<\/div>\n\t<\/div>\n\t<\/div>\n\n\t<div class=\"vc_col-sm-9 wpb_column vc_column_container rt-column-container\">\n\t<div class=\"vc_column-inner rt-column-inner\">\n\t\t<div class=\"wpb_wrapper rt-wrapper\">\n\t\t\t\n\t\t<article class=\"content-box content-box2\">\n\t\t<div class=\"rt-heading-wrapper style-4\">\n\t\t\t\t\t\t<h3 class=\"rt-heading style-4\" >VIZIONI YNE<\/h3>\n\t\t\t\t\t<\/div>\n\t\t<div class=\"content-holder\">\n\t\t\t<p>P\u00ebr t'u b\u00ebr\u00eb nj\u00eb kompani lider n\u00eb treg, duke ofruar produkte t\u00eb cil\u00ebsis\u00eb s\u00eb lart\u00eb p\u00ebr t\u00eb gjith\u00eb \nklient\u00ebt tan\u00eb.<\/p>\n\n\t\t\t\n\t\t<\/div>\n\t\t<\/article>\n\t\t\n\t\t<\/div>\n\t<\/div>\n\t<\/div>\n<\/div>\n<\/div>\n\n<div  class=\"content_row row vc_row wpb_row vc_inner  global-style fullwidth\">\n\t\n\t<div class=\"content_row_wrapper  default\"><div class=\"vc_col-sm-3 wpb_column vc_column_container rt-5052922 border-right rt-column-container\">\n\t<div class=\"vc_column-inner rt-column-inner\">\n\t\t<div class=\"wpb_wrapper rt-wrapper\">\n\t\t\t<div class=\"vc_icon_element vc_icon_element-outer vc_icon_element-align-center\"><div class=\"vc_icon_element-inner vc_icon_element-color-custom vc_icon_element-size-xl vc_icon_element-style- vc_icon_element-background-color-grey\" ><span class=\"vc_icon_element-icon fas fa-bullseye\" style=\"color:#e53434 !important\"><\/span><\/div><\/div>\n\t\t<\/div>\n\t<\/div>\n\t<\/div>\n\n\t<div class=\"vc_col-sm-9 wpb_column vc_column_container rt-column-container\">\n\t<div class=\"vc_column-inner rt-column-inner\">\n\t\t<div class=\"wpb_wrapper rt-wrapper\">\n\t\t\t\n\t\t<article class=\"content-box content-box2\">\n\t\t<div class=\"rt-heading-wrapper style-4\">\n\t\t\t\t\t\t<h3 class=\"rt-heading style-4\" >MISIONI YNE<\/h3>\n\t\t\t\t\t<\/div>\n\t\t<div class=\"content-holder\">\n\t\t\t<p>Duke punuar ngusht\u00eb me departamentin ton\u00eb t\u00eb R&amp;D, t\u00eb p\u00ebrmir\u00ebsojm\u00eb veten dhe evoluojm\u00eb pas \u00e7do sfide duke u b\u00ebr\u00eb k\u00ebshtu nj\u00eb konkurrent m\u00eb i fort\u00eb n\u00eb tregun bot\u00ebror.<\/p>\n\n\t\t\t\n\t\t<\/div>\n\t\t<\/article>\n\t\t\n\t\t<\/div>\n\t<\/div>\n\t<\/div>\n<\/div>\n<\/div>\n\n<div  class=\"content_row row vc_row wpb_row vc_inner  global-style fullwidth\">\n\t\n\t<div class=\"content_row_wrapper  default\"><div class=\"vc_col-sm-3 wpb_column vc_column_container rt-4903170 border-right rt-column-container\">\n\t<div class=\"vc_column-inner rt-column-inner\">\n\t\t<div class=\"wpb_wrapper rt-wrapper\">\n\t\t\t<div class=\"vc_icon_element vc_icon_element-outer vc_icon_element-align-center\"><div class=\"vc_icon_element-inner vc_icon_element-color-custom vc_icon_element-size-xl vc_icon_element-style- vc_icon_element-background-color-grey\" ><span class=\"vc_icon_element-icon fas fa-pen\" style=\"color:#e53434 !important\"><\/span><\/div><\/div>\n\t\t<\/div>\n\t<\/div>\n\t<\/div>\n\n\t<div class=\"vc_col-sm-9 wpb_column vc_column_container rt-column-container\">\n\t<div class=\"vc_column-inner rt-column-inner\">\n\t\t<div class=\"wpb_wrapper rt-wrapper\">\n\t\t\t\n\t\t<article class=\"content-box content-box2\">\n\t\t<div class=\"rt-heading-wrapper style-4\">\n\t\t\t\t\t\t<h3 class=\"rt-heading style-4\" >VLERAT TONA<\/h3>\n\t\t\t\t\t<\/div>\n\t\t<div class=\"content-holder\">\n\t\t\t<p class=\" translation-block\">Ndershm\u00ebria, Integriteti, Besnik\u00ebria, Aft\u00ebsia, Respekti, Pun\u00eb n\u00eb ekip, P\u00ebrkushtimi, <br>\nP\u00ebrmir\u00ebsimi i Vazhduesh\u00ebm, P\u00ebrgjegj\u00ebsi Sociale.<\/p>\n\n\t\t\t\n\t\t<\/div>\n\t\t<\/article>\n\t\t\n\t\t<\/div>\n\t<\/div>\n\t<\/div>\n<\/div>\n<\/div>\n\n\t\t<\/div>\n\t<\/div>\n\t<\/div>\n<\/div>\n<\/div>","protected":false},"excerpt":{"rendered":"ABOUT USOUR HISTORYMISSION &amp; VISIONCERTIFICATES DOWNLOADBrochures COMPANY PROFILE Do you have any questions? Contact us or submit a business inquiry online Contact us OUR VISION To become a leading enterprise in the market, by providing top quality products to all our clients OUR MISSION Closely working with our R&amp;D department, to improve ourselves and evolve [...]","protected":false},"author":1,"featured_media":0,"parent":4168,"menu_order":0,"comment_status":"closed","ping_status":"closed","template":"","meta":{"footnotes":""},"class_list":["post-4711","page","type-page","status-publish","hentry"],"_links":{"self":[{"href":"https:\/\/fmtjenerator.com.tr\/sq\/wp-json\/wp\/v2\/pages\/4711","targetHints":{"allow":["GET"]}}],"collection":[{"href":"https:\/\/fmtjenerator.com.tr\/sq\/wp-json\/wp\/v2\/pages"}],"about":[{"href":"https:\/\/fmtjenerator.com.tr\/sq\/wp-json\/wp\/v2\/types\/page"}],"author":[{"embeddable":true,"href":"https:\/\/fmtjenerator.com.tr\/sq\/wp-json\/wp\/v2\/users\/1"}],"replies":[{"embeddable":true,"href":"https:\/\/fmtjenerator.com.tr\/sq\/wp-json\/wp\/v2\/comments?post=4711"}],"version-history":[{"count":0,"href":"https:\/\/fmtjenerator.com.tr\/sq\/wp-json\/wp\/v2\/pages\/4711\/revisions"}],"up":[{"embeddable":true,"href":"https:\/\/fmtjenerator.com.tr\/sq\/wp-json\/wp\/v2\/pages\/4168"}],"wp:attachment":[{"href":"https:\/\/fmtjenerator.com.tr\/sq\/wp-json\/wp\/v2\/media?parent=4711"}],"curies":[{"name":"wp","href":"https:\/\/api.w.org\/{rel}","templated":true}]}}