{"id":5924,"date":"2021-11-11T09:06:14","date_gmt":"2021-11-11T08:06:14","guid":{"rendered":"http:\/\/localhost\/fmtjenerator\/?page_id=5924"},"modified":"2022-12-29T13:15:12","modified_gmt":"2022-12-29T12:15:12","slug":"our-team","status":"publish","type":"page","link":"https:\/\/fmtjenerator.com.tr\/sq\/rreth-nesh\/ekipi-yne\/","title":{"rendered":"Ekipi yn\u00eb"},"content":{"rendered":"<div  class=\"content_row row vc_row wpb_row  alt-style-1 fullwidth has-custom-bg rt-1969268\">\n\t<div class=\"rt-parallax-background has-bg-image\" data-rt-parallax-direction=\"1\" data-rt-parallax-effect=\"vertical\" data-rt-parallax-speed=\"1\" style=\"background-image: url(https:\/\/fmtjenerator.com.tr\/wp-content\/uploads\/2022\/11\/dotted-bg-dark.png);background-repeat: repeat!important;background-size: cover!important;background-position: right top!important;\"><\/div>\n\t<div class=\"content_row_wrapper  default\"><div class=\"vc_col-sm-4 wpb_column vc_column_container rt-1916758 rt-column-container\">\n\t<div class=\"vc_column-inner rt-column-inner\">\n\t\t<div class=\"wpb_wrapper rt-wrapper\">\n\t\t\t\n\t<div  class=\"wpb_single_image wpb_content_element vc_align_left  vc_custom_1667902409415\">\n\t\t\n\t\t<figure class=\"wpb_wrapper vc_figure\">\n\t\t\t<div class=\"vc_single_image-wrapper vc_box_shadow_3d  vc_box_border_grey\"><img loading=\"lazy\" decoding=\"async\" width=\"400\" height=\"495\" src=\"https:\/\/fmtjenerator.com.tr\/wp-content\/uploads\/2022\/11\/Enida-1.png\" class=\"vc_single_image-img attachment-full\" alt=\"\" srcset=\"https:\/\/fmtjenerator.com.tr\/wp-content\/uploads\/2022\/11\/Enida-1.png 400w, https:\/\/fmtjenerator.com.tr\/wp-content\/uploads\/2022\/11\/Enida-1-242x300.png 242w, https:\/\/fmtjenerator.com.tr\/wp-content\/uploads\/2022\/11\/Enida-1-10x12.png 10w, https:\/\/fmtjenerator.com.tr\/wp-content\/uploads\/2022\/11\/Enida-1-200x247.png 200w\" sizes=\"auto, (max-width: 400px) 100vw, 400px\" \/><\/div>\n\t\t<\/figure>\n\t<\/div>\n\n\t\t<\/div>\n\t<\/div>\n\t<\/div>\n\n\t<div class=\"vc_col-sm-8 wpb_column vc_column_container rt-5504906 rt-column-container\">\n\t<div class=\"vc_column-inner rt-column-inner\">\n\t\t<div class=\"wpb_wrapper rt-wrapper\">\n\t\t\t\n\t\t<article class=\"content-box content-box2\">\n\t\t<div class=\"rt-heading-wrapper style-5\">\n\t\t\t\t\t\t<h1 class=\"rt-heading style-5\" >Marketing Department<\/h1>\n\t\t\t\t\t<\/div>\n\t\t<div class=\"content-holder\">\n\t\t\t<p>Pas m\u00eb shum\u00eb se 20 vitesh eksperienc\u00eb, faktor\u00ebt q\u00eb na dallojn\u00eb nga kompanit\u00eb e tjera \u00ebsht\u00eb dedikimi jon\u00eb ndaj klienteve. Stafi jon\u00eb profesional, duke filluar nga Departamenti i Marketingut deri tek ekspertat tan\u00eb teknik q\u00eb q\u00ebndrojn\u00eb pas produkteve tona dhe b\u00ebjn\u00eb t\u00eb pamundur\u00ebn t\u00eb japin maksimumin e aft\u00ebsive t\u00eb tyre. Kjo \u00ebsht\u00eb pika e cila na vendos si lider t\u00eb tregut.<\/p>\n<p>Ne vazhdojm\u00eb t\u00eb b\u00ebjm\u00eb m\u00eb t\u00eb mir\u00ebn ton\u00eb p\u00ebr ti ofruar klientit  nj\u00eb produkt t\u00eb shk\u00eblqyer me nj\u00eb \u00e7mim konkurues, dhe ti ofrojm\u00eb atyre servis profesional, t\u00eb p\u00ebrpikt\u00eb dhe t\u00eb shpejt\u00eb. \u00c7do k\u00ebrkes\u00eb e klientit vlersohet nga stafi jon\u00eb me profesionaliz\u00ebm, shpejt\u00ebsi dhe p\u00ebrgjegjshm\u00ebri t\u00eb lart\u00eb.<\/p>\n<p>Ne nuk do t\u00eb kursejm\u00eb asnj\u00eb p\u00ebrpjekje n\u00eb kryerjen e misionit ton\u00eb, sepse ne e dim\u00eb, si\u00e7 e din\u00eb klient\u00ebt tan\u00eb t\u00eb dashur, k\u00ebnaq\u00ebsia e nj\u00eb pune t\u00eb b\u00ebr\u00eb mir\u00eb \u00ebshte objektivi jon\u00eb kryesore. Ne presim me padurim t\u00eb vazhdojm\u00eb t\u00eb japim zgjidhje energjitike p\u00ebr t\u00eb plot\u00ebsuar k\u00ebrkesat tuaja.<\/p>\n\n\t\t\t\n\t\t<\/div>\n\t\t<\/article>\n\t\t\n\t\t<\/div>\n\t<\/div>\n\t<\/div>\n<\/div>\n<\/div>\n\n<div  class=\"content_row row vc_row wpb_row  default-style fullwidth rt-6016381\">\n\t\n\t<div class=\"content_row_wrapper  fullwidth\">\n\t<div class=\"vc_col-sm-12 wpb_column vc_column_container rt-column-container\">\n\t<div class=\"vc_column-inner rt-column-inner\">\n\t\t<div class=\"wpb_wrapper rt-wrapper\">\n\t\t\t<h2 style=\"color: #ffffff;text-align: center;font-family:Jura;font-weight:400;font-style:normal\" class=\"vc_custom_heading\" >\u201cFuqia e skuadres eshte cdo pjestar i saj individual.<br \/>\nFuqia e cdo pjestari eshte ekipi\u201d<\/h2>\n<div class=\"vc_grid-container-wrapper vc_clearfix\">\n\t<div class=\"vc_grid-container vc_clearfix wpb_content_element vc_media_grid\" data-initial-loading-animation=\"fadeIn\" data-vc-grid-settings=\"{&quot;page_id&quot;:5924,&quot;style&quot;:&quot;all&quot;,&quot;action&quot;:&quot;vc_get_vc_grid_data&quot;,&quot;shortcode_id&quot;:&quot;1672309784733-c3c71d4d-9b9b-3&quot;,&quot;tag&quot;:&quot;vc_media_grid&quot;}\" data-vc-request=\"https:\/\/fmtjenerator.com.tr\/wp-admin\/admin-ajax.php\" data-vc-post-id=\"5924\" data-vc-public-nonce=\"96c928181b\">\n\t\t\n\t<\/div>\n<\/div>\n\t\t<\/div>\n\t<\/div>\n\t<\/div>\n\n<\/div>\n<\/div>\n\n<div  class=\"content_row row vc_row wpb_row  default-style fullwidth\">\n\t\n\t<div class=\"content_row_wrapper  default\">\n\t<div class=\"vc_col-sm-12 wpb_column vc_column_container rt-column-container\">\n\t<div class=\"vc_column-inner rt-column-inner\">\n\t\t<div class=\"wpb_wrapper rt-wrapper\">\n\t\t\t\n\t\t<\/div>\n\t<\/div>\n\t<\/div>\n\n<\/div>\n<\/div>\n\n<div  class=\"content_row row vc_row wpb_row  default-style fullwidth\">\n\t\n\t<div class=\"content_row_wrapper  default\">\n\t<div class=\"vc_col-sm-12 wpb_column vc_column_container rt-column-container\">\n\t<div class=\"vc_column-inner rt-column-inner\">\n\t\t<div class=\"wpb_wrapper rt-wrapper\">\n\t\t\t\n\t\t<\/div>\n\t<\/div>\n\t<\/div>\n\n<\/div>\n<\/div>\n\n<div  class=\"content_row row vc_row wpb_row  default-style fullwidth\">\n\t\n\t<div class=\"content_row_wrapper  default\">\n\t<div class=\"vc_col-sm-12 wpb_column vc_column_container rt-column-container\">\n\t<div class=\"vc_column-inner rt-column-inner\">\n\t\t<div class=\"wpb_wrapper rt-wrapper\">\n\t\t\t\n<div  class=\"content_row row vc_row wpb_row vc_inner  global-style fullwidth\">\n\t\n\t<div class=\"content_row_wrapper  default\"><div class=\"vc_col-sm-6 wpb_column vc_column_container rt-column-container\">\n\t<div class=\"vc_column-inner rt-column-inner\">\n\t\t<div class=\"wpb_wrapper rt-wrapper\">\n\t\t\t\n\t\t<article class=\"content-box content-box2\">\n\t\t<div class=\"rt-heading-wrapper style-5\">\n\t\t\t\t\t\t<h1 class=\"rt-heading style-5\" >K\u00cbRKIM DHE ZHVILLIM<\/h1>\n\t\t\t\t\t<\/div>\n\t\t<div class=\"content-holder\">\n\t\t\t<p>Departamenti R&amp;D tek FMT Group punon me q\u00ebllimin kryesor p\u00ebr t\u00eb sjelle risi dhe zgjidhje klient\u00ebve tan\u00eb.<\/p>\n\n\t\t\t\n\t\t<\/div>\n\t\t<\/article>\n\t\t\n\t\t<article class=\"content-box content-box2\">\n\t\t<div class=\"rt-heading-wrapper\">\n\t\t\t\t\t\t<h1 class=\"rt-heading\" ><\/h1>\n\t\t\t\t\t<\/div>\n\t\t<div class=\"content-holder\">\n\t\t\t<p style=\"text-align: left;\">Inxhinjer\u00ebt tan\u00eb kan\u00eb zhvilluar nj\u00eb dizajn estetik i cili ofron \u00e7do komponent integral t\u00eb nj\u00eb gjeneratori me nj\u00eb konfigurim kompakt. Gjithashtu ofron risi inovative si panel kontrolli t\u00eb automatizuar dhe nj\u00eb dizenjim i brendsh\u00ebm bazuar n\u00eb simulimet e rrjedhjes s\u00eb ajrit, p\u00ebr arritjen kushtet optimale t\u00eb ftohjes dhe qarkullimit t\u00eb ajrit.<\/p>\n<p style=\"text-align: left;\">Gjith\u00eb kjo b\u00ebhet t\u00eb theksoj n\u00eb sigurin\u00eb e produktit ton\u00eb. Kjo \u00ebsht\u00eb arsyeja q\u00eb inxhinjer\u00ebt tan\u00eb punojn\u00eb vazhdimisht p\u00ebr p\u00ebrmisimin e ndotjeve akustike, duke ofruar nj\u00eb produkt m\u00eb t\u00eb mir\u00eb si p\u00ebr ambjente t\u00eb brendshme dhe t\u00eb jashtme.<\/p>\n<p style=\"text-align: left;\">Departaminti jon\u00eb R&amp;D sfidohet dit\u00eb p\u00ebr dit\u00eb nga k\u00ebrkesat e klient\u00ebve tan\u00eb, duke na lejuar ne t\u00eb p\u00ebrmir\u00ebsojm\u00eb dizajnin ton\u00eb dhe t\u00eb rrisi njohurit\u00eb tona. Kjo eksprerienc\u00eb na jep siguri ti sigurojm\u00eb klient\u00ebve tan\u00eb produktin m\u00eb t\u00eb mir\u00eb n\u00eb treg n\u00eb koh\u00eb rekord.<\/p>\n\n\t\t\t\n\t\t<\/div>\n\t\t<\/article>\n\t\t\n\t\t<\/div>\n\t<\/div>\n\t<\/div>\n\n\t<div class=\"vc_col-sm-6 wpb_column vc_column_container rt-column-container\">\n\t<div class=\"vc_column-inner rt-column-inner\">\n\t\t<div class=\"wpb_wrapper rt-wrapper\">\n\t\t\t\n\t<div  class=\"wpb_single_image wpb_content_element vc_align_left\">\n\t\t\n\t\t<figure class=\"wpb_wrapper vc_figure\">\n\t\t\t<div class=\"vc_single_image-wrapper   vc_box_border_grey\"><img loading=\"lazy\" decoding=\"async\" width=\"903\" height=\"414\" src=\"https:\/\/fmtjenerator.com.tr\/wp-content\/uploads\/2022\/11\/Fmt-Group_team_009.jpg\" class=\"vc_single_image-img attachment-full\" alt=\"\" srcset=\"https:\/\/fmtjenerator.com.tr\/wp-content\/uploads\/2022\/11\/Fmt-Group_team_009.jpg 903w, https:\/\/fmtjenerator.com.tr\/wp-content\/uploads\/2022\/11\/Fmt-Group_team_009-300x138.jpg 300w, https:\/\/fmtjenerator.com.tr\/wp-content\/uploads\/2022\/11\/Fmt-Group_team_009-768x352.jpg 768w, https:\/\/fmtjenerator.com.tr\/wp-content\/uploads\/2022\/11\/Fmt-Group_team_009-18x8.jpg 18w, https:\/\/fmtjenerator.com.tr\/wp-content\/uploads\/2022\/11\/Fmt-Group_team_009-451x207.jpg 451w\" sizes=\"auto, (max-width: 903px) 100vw, 903px\" \/><\/div>\n\t\t<\/figure>\n\t<\/div>\n\n\t<div  class=\"wpb_single_image wpb_content_element vc_align_left\">\n\t\t\n\t\t<figure class=\"wpb_wrapper vc_figure\">\n\t\t\t<div class=\"vc_single_image-wrapper   vc_box_border_grey\"><img loading=\"lazy\" decoding=\"async\" width=\"903\" height=\"356\" src=\"https:\/\/fmtjenerator.com.tr\/wp-content\/uploads\/2022\/11\/Fmt-Group_team_0010.jpg\" class=\"vc_single_image-img attachment-full\" alt=\"\" srcset=\"https:\/\/fmtjenerator.com.tr\/wp-content\/uploads\/2022\/11\/Fmt-Group_team_0010.jpg 903w, https:\/\/fmtjenerator.com.tr\/wp-content\/uploads\/2022\/11\/Fmt-Group_team_0010-300x118.jpg 300w, https:\/\/fmtjenerator.com.tr\/wp-content\/uploads\/2022\/11\/Fmt-Group_team_0010-768x303.jpg 768w, https:\/\/fmtjenerator.com.tr\/wp-content\/uploads\/2022\/11\/Fmt-Group_team_0010-18x7.jpg 18w, https:\/\/fmtjenerator.com.tr\/wp-content\/uploads\/2022\/11\/Fmt-Group_team_0010-451x178.jpg 451w\" sizes=\"auto, (max-width: 903px) 100vw, 903px\" \/><\/div>\n\t\t<\/figure>\n\t<\/div>\n\n\t\t<\/div>\n\t<\/div>\n\t<\/div>\n<\/div>\n<\/div>\n\n\t\t<\/div>\n\t<\/div>\n\t<\/div>\n\n<\/div>\n<\/div>\n\n<div  class=\"content_row row vc_row wpb_row  default-style fullwidth\">\n\t\n\t<div class=\"content_row_wrapper  default\">\n\t<div class=\"vc_col-sm-12 wpb_column vc_column_container rt-column-container\">\n\t<div class=\"vc_column-inner rt-column-inner\">\n\t\t<div class=\"wpb_wrapper rt-wrapper\">\n\t\t\t<div class=\"vc_separator wpb_content_element vc_separator_align_center vc_sep_width_100 vc_sep_style-1 vc_sep_pos_align_center vc_separator_no_text\" ><span class=\"vc_sep_holder vc_sep_holder_l\"><span  class=\"vc_sep_line\"><\/span><\/span><span class=\"vc_sep_holder vc_sep_holder_r\"><span  class=\"vc_sep_line\"><\/span><\/span>\n<\/div>\n\t\t<\/div>\n\t<\/div>\n\t<\/div>\n\n<\/div>\n<\/div>\n\n<div  class=\"content_row row vc_row wpb_row  default-style fullwidth rt-6499402\">\n\t\n\t<div class=\"content_row_wrapper  default\">\n\t<div class=\"vc_col-sm-12 wpb_column vc_column_container rt-column-container\">\n\t<div class=\"vc_column-inner rt-column-inner\">\n\t\t<div class=\"wpb_wrapper rt-wrapper\">\n\t\t\t\n\t\t<article class=\"content-box content-box2\">\n\t\t<div class=\"rt-heading-wrapper style-5\">\n\t\t\t\t\t\t<h1 class=\"rt-heading style-5\" >DEPARTAMENTI I PAS SHITJES<\/h1>\n\t\t\t\t\t<\/div>\n\t\t<div class=\"content-holder\">\n\t\t\t<p>FMT Group zgjidh problemet tuaja energjitike, si dhe ofron nj\u00eb gam\u00eb t\u00eb gjer\u00eb servisesh duke p\u00ebrfshir\u00eb dizenjimin e sistemit, menaxhim projekti, operim dhe mir\u00ebmbajtje.<\/p>\n\n\t\t\t\n\t\t<\/div>\n\t\t<\/article>\n\t\t\n\t\t<article class=\"content-box content-box2\">\n\t\t<div class=\"rt-heading-wrapper\">\n\t\t\t\t\t\t<h1 class=\"rt-heading\" ><\/h1>\n\t\t\t\t\t<\/div>\n\t\t<div class=\"content-holder\">\n\t\t\t<p>FMT Group ofron suport teknik t\u00eb shpejt\u00eb dhe efi\u00e7ent p\u00ebr nj\u00eb gam\u00eb t\u00eb gjer\u00eb gjenerator\u00ebsh, UPS, dhe AVS duke pasur klientin n\u00eb q\u00ebnd\u00ebr t\u00eb v\u00ebmendjes ton\u00eb. Gjitashtu k\u00ebto sh\u00ebrbime ofrohen dhe p\u00ebr brende t\u00eb tjera gjenerator\u00ebsh, UPS dhe AVR jo t\u00eb prodhuara n\u00eb FMT Group. Departamenti i Pas-Shitjes i FMT Group do t\u00eb ndihmoj\u00eb klient\u00ebt tan\u00eb n\u00eb konfigurmin dhe lidhjet elektrike p\u00ebr instalimin e paisjeve tona.<\/p>\n<p>Departamenti i instalimit do t\u00eb instaloj dhe testoj paisjet tona p\u00ebr klient\u00ebt. Nj\u00eb paket\u00eb e plot\u00eb mir\u00ebmbajtje dhe servisesh i ofrohet klient\u00ebve tan\u00eb, p\u00ebr \u00e7do mir\u00ebmbajtje periodike apo servis q\u00eb do t\u00eb nevojitet.<\/p>\n<p>Duke mbajtur reputacionin ton\u00eb si \u201cpartner t\u00eb besuesh\u00ebm p\u00ebr zgjidhje energjitike\u201d, ne gjithmon\u00eb jemi t\u00eb gatsh\u00ebm t\u00eb p\u00ebrmbushim nevojat tuaja duke gjetur zgjidhjen m\u00eb t\u00eb mir\u00eb, fal\u00eb stafit ton\u00eb teknik t\u00eb kualifikuar dhe nj\u00eb suport klienti t\u00eb fort\u00eb.<\/p>\n\n\t\t\t\n\t\t<\/div>\n\t\t<\/article>\n\t\t\n<div  class=\"content_row row vc_row wpb_row vc_inner  global-style fullwidth\">\n\t\n\t<div class=\"content_row_wrapper  default\"><div class=\"vc_col-sm-4 wpb_column vc_column_container rt-column-container\">\n\t<div class=\"vc_column-inner rt-column-inner\">\n\t\t<div class=\"wpb_wrapper rt-wrapper\">\n\t\t\t\n\t<div  class=\"wpb_single_image wpb_content_element vc_align_left\">\n\t\t\n\t\t<figure class=\"wpb_wrapper vc_figure\">\n\t\t\t<div class=\"vc_single_image-wrapper   vc_box_border_grey\"><img loading=\"lazy\" decoding=\"async\" width=\"903\" height=\"587\" src=\"https:\/\/fmtjenerator.com.tr\/wp-content\/uploads\/2022\/11\/Fmt-Group_team_011.jpg\" class=\"vc_single_image-img attachment-full\" alt=\"\" srcset=\"https:\/\/fmtjenerator.com.tr\/wp-content\/uploads\/2022\/11\/Fmt-Group_team_011.jpg 903w, https:\/\/fmtjenerator.com.tr\/wp-content\/uploads\/2022\/11\/Fmt-Group_team_011-300x195.jpg 300w, https:\/\/fmtjenerator.com.tr\/wp-content\/uploads\/2022\/11\/Fmt-Group_team_011-768x499.jpg 768w, https:\/\/fmtjenerator.com.tr\/wp-content\/uploads\/2022\/11\/Fmt-Group_team_011-18x12.jpg 18w, https:\/\/fmtjenerator.com.tr\/wp-content\/uploads\/2022\/11\/Fmt-Group_team_011-451x293.jpg 451w\" sizes=\"auto, (max-width: 903px) 100vw, 903px\" \/><\/div>\n\t\t<\/figure>\n\t<\/div>\n\n\t\t<\/div>\n\t<\/div>\n\t<\/div>\n\n\t<div class=\"vc_col-sm-4 wpb_column vc_column_container rt-column-container\">\n\t<div class=\"vc_column-inner rt-column-inner\">\n\t\t<div class=\"wpb_wrapper rt-wrapper\">\n\t\t\t\n\t<div  class=\"wpb_single_image wpb_content_element vc_align_left\">\n\t\t\n\t\t<figure class=\"wpb_wrapper vc_figure\">\n\t\t\t<div class=\"vc_single_image-wrapper   vc_box_border_grey\"><img loading=\"lazy\" decoding=\"async\" width=\"903\" height=\"587\" src=\"https:\/\/fmtjenerator.com.tr\/wp-content\/uploads\/2022\/11\/Fmt-Group_team_012.jpg\" class=\"vc_single_image-img attachment-full\" alt=\"\" srcset=\"https:\/\/fmtjenerator.com.tr\/wp-content\/uploads\/2022\/11\/Fmt-Group_team_012.jpg 903w, https:\/\/fmtjenerator.com.tr\/wp-content\/uploads\/2022\/11\/Fmt-Group_team_012-300x195.jpg 300w, https:\/\/fmtjenerator.com.tr\/wp-content\/uploads\/2022\/11\/Fmt-Group_team_012-768x499.jpg 768w, https:\/\/fmtjenerator.com.tr\/wp-content\/uploads\/2022\/11\/Fmt-Group_team_012-18x12.jpg 18w, https:\/\/fmtjenerator.com.tr\/wp-content\/uploads\/2022\/11\/Fmt-Group_team_012-451x293.jpg 451w\" sizes=\"auto, (max-width: 903px) 100vw, 903px\" \/><\/div>\n\t\t<\/figure>\n\t<\/div>\n\n\t\t<\/div>\n\t<\/div>\n\t<\/div>\n\n\t<div class=\"vc_col-sm-4 wpb_column vc_column_container rt-column-container\">\n\t<div class=\"vc_column-inner rt-column-inner\">\n\t\t<div class=\"wpb_wrapper rt-wrapper\">\n\t\t\t\n\t<div  class=\"wpb_single_image wpb_content_element vc_align_left\">\n\t\t\n\t\t<figure class=\"wpb_wrapper vc_figure\">\n\t\t\t<div class=\"vc_single_image-wrapper   vc_box_border_grey\"><img loading=\"lazy\" decoding=\"async\" width=\"903\" height=\"586\" src=\"https:\/\/fmtjenerator.com.tr\/wp-content\/uploads\/2022\/11\/Fmt-Group_team_013.jpg\" class=\"vc_single_image-img attachment-full\" alt=\"\" srcset=\"https:\/\/fmtjenerator.com.tr\/wp-content\/uploads\/2022\/11\/Fmt-Group_team_013.jpg 903w, https:\/\/fmtjenerator.com.tr\/wp-content\/uploads\/2022\/11\/Fmt-Group_team_013-300x195.jpg 300w, https:\/\/fmtjenerator.com.tr\/wp-content\/uploads\/2022\/11\/Fmt-Group_team_013-768x498.jpg 768w, https:\/\/fmtjenerator.com.tr\/wp-content\/uploads\/2022\/11\/Fmt-Group_team_013-18x12.jpg 18w, https:\/\/fmtjenerator.com.tr\/wp-content\/uploads\/2022\/11\/Fmt-Group_team_013-451x293.jpg 451w\" sizes=\"auto, (max-width: 903px) 100vw, 903px\" \/><\/div>\n\t\t<\/figure>\n\t<\/div>\n\n\t\t<\/div>\n\t<\/div>\n\t<\/div>\n<\/div>\n<\/div>\n\n<div  class=\"content_row row vc_row wpb_row vc_inner  global-style fullwidth\">\n\t\n\t<div class=\"content_row_wrapper  default\">\n\t<div class=\"vc_col-sm-12 wpb_column vc_column_container rt-column-container\">\n\t<div class=\"vc_column-inner rt-column-inner\">\n\t\t<div class=\"wpb_wrapper rt-wrapper\">\n\t\t\t<div class=\"rt-heading-wrapper rt-6319841\">\n\t\t\t\t\t\t<h1 class=\"rt-heading\" >Sistemi p\u00ebr zgjidhjen perfekte p\u00ebrmban:<\/h1>\n\t\t\t\t\t<\/div>\n\t<div class=\"wpb_text_column wpb_content_element\" >\n\t\t<div class=\"wpb_wrapper\">\n\t\t\t<p>\u2714 Servise on-site<br \/>\n\u2714 Suport teknik<br \/>\n\u2714 Kontrata mir\u00ebmbajtje<br \/>\n\u2714 Modernizim<br \/>\n\u2714 Pjes\u00eb k\u00ebmbimi<br \/>\n\u2714 Trajnim<\/p>\n\n\t\t<\/div>\n\t<\/div>\n\n\t\t<\/div>\n\t<\/div>\n\t<\/div>\n\n<\/div>\n<\/div>\n\n\t\t<\/div>\n\t<\/div>\n\t<\/div>\n\n<\/div>\n<\/div>\n\n<div  class=\"content_row row vc_row wpb_row  default-style fullwidth\">\n\t\n\t<div class=\"content_row_wrapper  default\">\n\t<div class=\"vc_col-sm-12 wpb_column vc_column_container rt-column-container\">\n\t<div class=\"vc_column-inner rt-column-inner\">\n\t\t<div class=\"wpb_wrapper rt-wrapper\">\n\t\t\t<div class=\"rt-heading-wrapper style-4 rt-4032222\">\n\t\t\t\t\t\t<h3 class=\"rt-heading style-4\" >VIDEOS<\/h3>\n\t\t\t\t\t<\/div>\n<div  class=\"content_row row vc_row wpb_row vc_inner  global-style fullwidth\">\n\t\n\t<div class=\"content_row_wrapper  default\"><div class=\"vc_col-sm-6 wpb_column vc_column_container rt-column-container\">\n\t<div class=\"vc_column-inner rt-column-inner\">\n\t\t<div class=\"wpb_wrapper rt-wrapper\">\n\t\t\t\n\t<div class=\"wpb_video_widget wpb_content_element vc_clearfix   vc_video-aspect-ratio-169 vc_video-el-width-100 vc_video-align-left\" >\n\t\t<div class=\"wpb_wrapper\">\n\t\t\t\n\t\t\t<div class=\"wpb_video_wrapper\"><div class=\"video-container\"><iframe loading=\"lazy\" title=\"fmt group\" width=\"1060\" height=\"596\" src=\"https:\/\/www.youtube.com\/embed\/sSYgra6rZJM?feature=oembed\" frameborder=\"0\" allow=\"accelerometer; autoplay; clipboard-write; encrypted-media; gyroscope; picture-in-picture\" allowfullscreen><\/iframe><\/div><\/div>\n\t\t<\/div>\n\t<\/div>\n\n\t\t<\/div>\n\t<\/div>\n\t<\/div>\n\n\t<div class=\"vc_col-sm-6 wpb_column vc_column_container rt-column-container\">\n\t<div class=\"vc_column-inner rt-column-inner\">\n\t\t<div class=\"wpb_wrapper rt-wrapper\">\n\t\t\t\n\t<div class=\"wpb_video_widget wpb_content_element vc_clearfix   vc_video-aspect-ratio-169 vc_video-el-width-100 vc_video-align-left\" >\n\t\t<div class=\"wpb_wrapper\">\n\t\t\t\n\t\t\t<div class=\"wpb_video_wrapper\"><div class=\"video-container\"><iframe loading=\"lazy\" title=\"Fmt Genset Presentation\" width=\"1060\" height=\"596\" src=\"https:\/\/www.youtube.com\/embed\/R93X46wchLw?feature=oembed\" frameborder=\"0\" allow=\"accelerometer; autoplay; clipboard-write; encrypted-media; gyroscope; picture-in-picture\" allowfullscreen><\/iframe><\/div><\/div>\n\t\t<\/div>\n\t<\/div>\n\n\t\t<\/div>\n\t<\/div>\n\t<\/div>\n<\/div>\n<\/div>\n\n\t\t<\/div>\n\t<\/div>\n\t<\/div>\n\n<\/div>\n<\/div>","protected":false},"excerpt":{"rendered":"Marketing Department After more than 20 years of experience, our distinguishing factor is our dedication to the customer. Our professional staff, starting from the marketing department, to our technical experts stand behind our products and make a commitment to serve the costumer to the best of their capabilities. It is this valuable feature that puts [...]","protected":false},"author":1,"featured_media":0,"parent":4168,"menu_order":0,"comment_status":"closed","ping_status":"closed","template":"","meta":{"footnotes":""},"class_list":["post-5924","page","type-page","status-publish","hentry"],"_links":{"self":[{"href":"https:\/\/fmtjenerator.com.tr\/sq\/wp-json\/wp\/v2\/pages\/5924","targetHints":{"allow":["GET"]}}],"collection":[{"href":"https:\/\/fmtjenerator.com.tr\/sq\/wp-json\/wp\/v2\/pages"}],"about":[{"href":"https:\/\/fmtjenerator.com.tr\/sq\/wp-json\/wp\/v2\/types\/page"}],"author":[{"embeddable":true,"href":"https:\/\/fmtjenerator.com.tr\/sq\/wp-json\/wp\/v2\/users\/1"}],"replies":[{"embeddable":true,"href":"https:\/\/fmtjenerator.com.tr\/sq\/wp-json\/wp\/v2\/comments?post=5924"}],"version-history":[{"count":0,"href":"https:\/\/fmtjenerator.com.tr\/sq\/wp-json\/wp\/v2\/pages\/5924\/revisions"}],"up":[{"embeddable":true,"href":"https:\/\/fmtjenerator.com.tr\/sq\/wp-json\/wp\/v2\/pages\/4168"}],"wp:attachment":[{"href":"https:\/\/fmtjenerator.com.tr\/sq\/wp-json\/wp\/v2\/media?parent=5924"}],"curies":[{"name":"wp","href":"https:\/\/api.w.org\/{rel}","templated":true}]}}