{"id":4705,"date":"2021-10-30T15:15:27","date_gmt":"2021-10-30T15:15:27","guid":{"rendered":"http:\/\/localhost\/fmtjenerator\/?page_id=4705"},"modified":"2022-12-29T11:47:10","modified_gmt":"2022-12-29T10:47:10","slug":"history","status":"publish","type":"page","link":"https:\/\/fmtjenerator.com.tr\/tr\/hakkimizda\/tarihce\/","title":{"rendered":"Tarih\u00e7e"},"content":{"rendered":"<div  class=\"content_row row vc_row wpb_row  default-style fullwidth rt-9819824\">\n\t\n\t<div class=\"content_row_wrapper  default\"><div class=\"vc_col-sm-3 wpb_column vc_column_container rt-7314671 rt-column-container\">\n\t<div class=\"vc_column-inner rt-column-inner\">\n\t\t<div class=\"wpb_wrapper rt-wrapper\">\n\t\t\t<div class=\"button_wrapper  hero\"><a href=\"https:\/\/fmtjenerator.com.tr\/tr\/hakkimizda\/\" target=\"_self\" title=\"HAKKIMIZDA\" class=\"button_  custom hero rt-3344121\"><span><span class=\"button-icon icon-right-open\"><\/span><span>HAKKIMIZDA<\/span><\/span><\/a><\/div><div class=\"button_wrapper  hero\"><a href=\"#\" target=\"_self\" title=\"#\" class=\"button_  custom hero rt-2948577\"><span><span class=\"button-icon icon-right-open\"><\/span><span>TAR\u0130H\u0130M\u0130Z<\/span><\/span><\/a><\/div><div class=\"button_wrapper  hero\"><a href=\"https:\/\/fmtjenerator.com.tr\/tr\/mission-vision\/\" target=\"_self\" title=\"M\u0130SYON &amp; V\u0130ZYON\" class=\"button_  custom hero rt-7919714\"><span><span class=\"button-icon icon-right-open\"><\/span><span>M\u0130SYON &amp; V\u0130ZYON<\/span><\/span><\/a><\/div><div class=\"button_wrapper  hero\"><a href=\"https:\/\/fmtjenerator.com.tr\/tr\/certificates\/\" target=\"_self\" title=\"SERT\u0130F\u0130KALAR\" class=\"button_  custom hero rt-5666897\"><span><span class=\"button-icon icon-right-open\"><\/span><span>SERT\u0130F\u0130KALAR<\/span><\/span><\/a><\/div><div class=\"vc_empty_space\"   style=\"height: 65px\"><span class=\"vc_empty_space_inner\"><\/span><\/div>\n\t\t<article class=\"content-box content-box2\">\n\t\t<div class=\"rt-heading-wrapper style-5\">\n\t\t\t\t\t\t<span class=\"punchline\">\u0130ND\u0130R<\/span><h1 class=\"rt-heading style-5 with_punchline\" >Bro\u015f\u00fcrler<\/h1>\n\t\t\t\t\t<\/div>\n\t\t<div class=\"content-holder\">\n\t\t\t\n\t\t\t\n\t\t<\/div>\n\t\t<\/article>\n\t\t<div class=\"button_wrapper  hero\"><a href=\"https:\/\/fmtjenerator.com.tr\/wp-content\/uploads\/2022\/11\/FMT-Company-Profile.pdf\" target=\"_self\" title=\"\u015e\u0130RKET PROF\u0130L\u0130\" class=\"button_  custom hero rt-7467204\"><span><span class=\"button-icon icon-basic-download\"><\/span><span>\u015e\u0130RKET PROF\u0130L\u0130<\/span><\/span><\/a><\/div>\n<div  class=\"content_row row vc_row wpb_row vc_inner  global-style fullwidth rt-3830709\">\n\t\n\t<div class=\"content_row_wrapper  default\">\n\t<div class=\"vc_col-sm-12 wpb_column vc_column_container rt-column-container\">\n\t<div class=\"vc_column-inner rt-column-inner\">\n\t\t<div class=\"wpb_wrapper rt-wrapper\">\n\t\t\t\n\t\t<article class=\"content-box content-box2\">\n\t\t<div class=\"rt-heading-wrapper style-4\">\n\t\t\t\t\t\t<h3 class=\"rt-heading style-4\" >Sormak istedi\u011finiz bir \u015fey var m\u0131?<\/h3>\n\t\t\t\t\t<\/div>\n\t\t<div class=\"content-holder\">\n\t\t\t<p>Bizimle ileti\u015fime ge\u00e7in veya \u00e7evrimi\u00e7i bir sorgu g\u00f6nderin.<\/p>\n\n\t\t\t\n\t\t<\/div>\n\t\t<\/article>\n\t\t<div class=\"button_wrapper\"><a href=\"https:\/\/fmtjenerator.com.tr\/tr\/bi%cc%87ze-ulasin\/\" target=\"_self\" title=\"\u0130leti\u015fim\" class=\"button_  style-2 small rt-7640285\"><span><span>\u0130leti\u015fim<\/span><\/span><\/a><\/div>\n\t\t<\/div>\n\t<\/div>\n\t<\/div>\n\n<\/div>\n<\/div>\n\n\t\t<\/div>\n\t<\/div>\n\t<\/div>\n\n\t<div class=\"vc_col-sm-9 wpb_column vc_column_container rt-9570666 rt-column-container\">\n\t<div class=\"vc_column-inner rt-column-inner\">\n\t\t<div class=\"wpb_wrapper rt-wrapper\">\n\t\t\t\t \n\t\t<div  class=\"timeline style-1\">\n\t\t\t \n\t\t<div  >\n\t\t\t \n\t\t<span class=\"event-date\">\n\t\t\t<span class=\"year\">2015-2022<\/span>\n\t\t<\/span>\n\t<div class=\"event-details\"><p>2015-2022 y\u0131llar\u0131 aras\u0131nda FMT Group, Tunus, Portekiz, Rusya, Azerbaycan, Polonya, Etiyopya, Malta, \u00c7ek Cumhuriyeti, \u0130svi\u00e7re, Norve\u00e7, Avustralya gibi \u00fclkelerde k\u00fcresel pazarda \u00e7ok \u00f6nemli olan distrib\u00fct\u00f6rler ile farkl\u0131 m\u00fcnhas\u0131r s\u00f6zle\u015fmeler imzalam\u0131\u015f ve sonu\u00e7land\u0131rm\u0131\u015ft\u0131r...<\/p>\n<\/div>\n\t\t<\/div>\n\t\t \n\t\t<div  >\n\t\t\t \n\t\t<span class=\"event-date\">\n\t\t\t<span class=\"year\">2014<\/span>\n\t\t<\/span>\n\t<div class=\"event-details\"><p>2014, uluslararas\u0131 pazara a\u00e7\u0131lmaya odaklanan yeni bir vizyonla ba\u015flad\u0131. Bu amaca, faydal\u0131 sonu\u00e7lar veren derinlemesine pazar ara\u015ft\u0131rmas\u0131 yoluyla ula\u015f\u0131lmi\u015ftir.<\/p>\n<\/div>\n\t\t<\/div>\n\t\t \n\t\t<div  >\n\t\t\t \n\t\t<span class=\"event-date\">\n\t\t\t<span class=\"year\">2010<\/span>\n\t\t<\/span>\n\t<div class=\"event-details\"><p>2010 y\u0131l\u0131nda FMT Motoru 1200kVA'ya kadar olan k\u00fc\u00e7\u00fck ve orta \u00f6l\u00e7ekli g\u00fc\u00e7leri toplamak i\u00e7in tasarlanm\u0131\u015f ve piyasaya s\u00fcr\u00fclm\u00fc\u015ft\u00fcr. Bu y\u0131l Karada\u011f'da bir \u015fube daha a\u00e7\u0131ld\u0131.<\/p>\n<\/div>\n\t\t<\/div>\n\t\t \n\t\t<div  >\n\t\t\t \n\t\t<span class=\"event-date\">\n\t\t\t<span class=\"year\">2008<\/span>\n\t\t<\/span>\n\t<div class=\"event-details\"><p>2008 y\u0131l\u0131nda FMT Group'un Kosova'daki faaliyetleri \u00fcr\u00fcn sat\u0131\u015flar\u0131 ve nitelikli profesyonel hizmetler ile geni\u015fletildi\u011finde yeni bir d\u00f6nem ba\u015flad\u0131.<\/p>\n<\/div>\n\t\t<\/div>\n\t\t \n\t\t<div  >\n\t\t\t \n\t\t<span class=\"event-date\">\n\t\t\t<span class=\"year\">2005<\/span>\n\t\t<\/span>\n\t<div class=\"event-details\"><p>2005 y\u0131l\u0131nda FMT Group, FMT JENERAT\u00d6R ve FMT UPS\/Inverter tasar\u0131m ve \u00fcretimine ba\u015flam\u0131\u015ft\u0131r.<\/p>\n<\/div>\n\t\t<\/div>\n\t\t \n\t\t<div  >\n\t\t\t \n\t\t<span class=\"event-date\">\n\t\t\t<span class=\"year\">2001<\/span>\n\t\t<\/span>\n\t<div class=\"event-details\"><p>FMT Group, 2001 y\u0131l\u0131nda voltaj stabilizat\u00f6rleri \u00fcreticisi olarak faaliyetine ba\u015flam\u0131\u015ft\u0131r. 2001 y\u0131l\u0131n\u0131n sonunda FMT Group, Jenerat\u00f6r ve UPS pazar\u0131na girdi.\nFMT Group ba\u015flang\u0131\u00e7ta sadece bu \u00fcr\u00fcnlerin ticaretini yapmi\u015ftir.<\/p>\n<\/div>\n\t\t<\/div>\n\t\n\t\t<\/div>\n\t\n\t\t<\/div>\n\t<\/div>\n\t<\/div>\n<\/div>\n<\/div>","protected":false},"excerpt":{"rendered":"ABOUT USOUR HISTORYMISSION &amp; VISIONCERTIFICATES DOWNLOADBrochures COMPANY PROFILE Do you have any questions? Contact us or submit a business inquiry online Contact us 2015-2022 During 2015-2022 FMT Group has signed and finalized different exclusive contracts with distributors which are very important in the global market in countries such as: Tunisia, Portugal, Russia, Azerbaijan, Poland, Ethiopia, [...]","protected":false},"author":1,"featured_media":0,"parent":4168,"menu_order":0,"comment_status":"closed","ping_status":"closed","template":"","meta":{"footnotes":""},"class_list":["post-4705","page","type-page","status-publish","hentry"],"_links":{"self":[{"href":"https:\/\/fmtjenerator.com.tr\/tr\/wp-json\/wp\/v2\/pages\/4705","targetHints":{"allow":["GET"]}}],"collection":[{"href":"https:\/\/fmtjenerator.com.tr\/tr\/wp-json\/wp\/v2\/pages"}],"about":[{"href":"https:\/\/fmtjenerator.com.tr\/tr\/wp-json\/wp\/v2\/types\/page"}],"author":[{"embeddable":true,"href":"https:\/\/fmtjenerator.com.tr\/tr\/wp-json\/wp\/v2\/users\/1"}],"replies":[{"embeddable":true,"href":"https:\/\/fmtjenerator.com.tr\/tr\/wp-json\/wp\/v2\/comments?post=4705"}],"version-history":[{"count":0,"href":"https:\/\/fmtjenerator.com.tr\/tr\/wp-json\/wp\/v2\/pages\/4705\/revisions"}],"up":[{"embeddable":true,"href":"https:\/\/fmtjenerator.com.tr\/tr\/wp-json\/wp\/v2\/pages\/4168"}],"wp:attachment":[{"href":"https:\/\/fmtjenerator.com.tr\/tr\/wp-json\/wp\/v2\/media?parent=4705"}],"curies":[{"name":"wp","href":"https:\/\/api.w.org\/{rel}","templated":true}]}}