{"id":4711,"date":"2021-10-30T15:24:17","date_gmt":"2021-10-30T15:24:17","guid":{"rendered":"http:\/\/localhost\/fmtjenerator\/?page_id=4711"},"modified":"2022-12-29T11:40:41","modified_gmt":"2022-12-29T10:40:41","slug":"mission-vision","status":"publish","type":"page","link":"https:\/\/fmtjenerator.com.tr\/tr\/hakkimizda\/misyon-ve-vizyon\/","title":{"rendered":"Misyon Ve Vizyon"},"content":{"rendered":"<div  class=\"content_row row vc_row wpb_row  default-style fullwidth rt-1835445\">\n\t\n\t<div class=\"content_row_wrapper  default\"><div class=\"vc_col-sm-3 wpb_column vc_column_container rt-7314671 rt-column-container\">\n\t<div class=\"vc_column-inner rt-column-inner\">\n\t\t<div class=\"wpb_wrapper rt-wrapper\">\n\t\t\t<div class=\"button_wrapper  hero\"><a href=\"https:\/\/fmtjenerator.com.tr\/tr\/hakkimizda\/\" target=\"_self\" title=\"HAKKIMIZDA\" class=\"button_  custom hero rt-3889138\"><span><span class=\"button-icon icon-right-open\"><\/span><span>HAKKIMIZDA<\/span><\/span><\/a><\/div><div class=\"button_wrapper  hero\"><a href=\"https:\/\/fmtjenerator.com.tr\/tr\/history\/\" target=\"_self\" title=\"TAR\u0130H\u0130M\u0130Z\" class=\"button_  custom hero rt-4925523\"><span><span class=\"button-icon icon-right-open\"><\/span><span>TAR\u0130H\u0130M\u0130Z<\/span><\/span><\/a><\/div><div class=\"button_wrapper  hero\"><a href=\"#\" target=\"_self\" title=\"M\u0130SYON &amp; V\u0130ZYON\" class=\"button_  custom hero rt-7317076\"><span><span class=\"button-icon icon-right-open\"><\/span><span>M\u0130SYON &amp; V\u0130ZYON<\/span><\/span><\/a><\/div><div class=\"button_wrapper  hero\"><a href=\"https:\/\/fmtjenerator.com.tr\/tr\/certificates\/\" target=\"_self\" title=\"SERT\u0130F\u0130KALAR\" class=\"button_  custom hero rt-9287448\"><span><span class=\"button-icon icon-right-open\"><\/span><span>SERT\u0130F\u0130KALAR<\/span><\/span><\/a><\/div><div class=\"vc_empty_space\"   style=\"height: 65px\"><span class=\"vc_empty_space_inner\"><\/span><\/div>\n\t\t<article class=\"content-box content-box2\">\n\t\t<div class=\"rt-heading-wrapper style-5\">\n\t\t\t\t\t\t<span class=\"punchline\">\u0130ND\u0130R<\/span><h1 class=\"rt-heading style-5 with_punchline\" >Bro\u015f\u00fcrler<\/h1>\n\t\t\t\t\t<\/div>\n\t\t<div class=\"content-holder\">\n\t\t\t\n\t\t\t\n\t\t<\/div>\n\t\t<\/article>\n\t\t<div class=\"button_wrapper  hero\"><a href=\"https:\/\/fmtjenerator.com.tr\/wp-content\/uploads\/2022\/11\/FMT-Company-Profile.pdf\" target=\"_self\" title=\"\u015e\u0130RKET PROF\u0130L\u0130\" class=\"button_  custom hero rt-2323530\"><span><span class=\"button-icon icon-basic-download\"><\/span><span>\u015e\u0130RKET PROF\u0130L\u0130<\/span><\/span><\/a><\/div>\n<div  class=\"content_row row vc_row wpb_row vc_inner  global-style fullwidth rt-3830709\">\n\t\n\t<div class=\"content_row_wrapper  default\">\n\t<div class=\"vc_col-sm-12 wpb_column vc_column_container rt-column-container\">\n\t<div class=\"vc_column-inner rt-column-inner\">\n\t\t<div class=\"wpb_wrapper rt-wrapper\">\n\t\t\t\n\t\t<article class=\"content-box content-box2\">\n\t\t<div class=\"rt-heading-wrapper style-4\">\n\t\t\t\t\t\t<h3 class=\"rt-heading style-4\" >Sormak istedi\u011finiz bir \u015fey var m\u0131?<\/h3>\n\t\t\t\t\t<\/div>\n\t\t<div class=\"content-holder\">\n\t\t\t<p>Bizimle ileti\u015fime ge\u00e7in veya \u00e7evrimi\u00e7i bir sorgu g\u00f6nderin.<\/p>\n\n\t\t\t\n\t\t<\/div>\n\t\t<\/article>\n\t\t<div class=\"button_wrapper\"><a href=\"https:\/\/fmtjenerator.com.tr\/tr\/bi%cc%87ze-ulasin\/\" target=\"_self\" title=\"\u0130leti\u015fim\" class=\"button_  style-2 small rt-2852068\"><span><span>\u0130leti\u015fim<\/span><\/span><\/a><\/div>\n\t\t<\/div>\n\t<\/div>\n\t<\/div>\n\n<\/div>\n<\/div>\n\n\t\t<\/div>\n\t<\/div>\n\t<\/div>\n\n\t<div class=\"vc_col-sm-9 wpb_column vc_column_container rt-7690886 rt-column-container\">\n\t<div class=\"vc_column-inner rt-column-inner\">\n\t\t<div class=\"wpb_wrapper rt-wrapper\">\n\t\t\t\n<div  class=\"content_row row vc_row wpb_row vc_inner  global-style fullwidth rt-flex-wrapper min-height-row align-columns column-align-middle has-bg-image rt-2834991\">\n\t\n\t<div class=\"content_row_wrapper  default\">\n\t<div class=\"vc_col-sm-12 wpb_column vc_column_container rt-9838611 rt-column-container\">\n\t<div class=\"vc_column-inner rt-column-inner\">\n\t\t<div class=\"wpb_wrapper rt-wrapper\">\n\t\t\t\n\t\t<\/div>\n\t<\/div>\n\t<\/div>\n\n<\/div>\n<\/div>\n\n<div  class=\"content_row row vc_row wpb_row vc_inner  global-style fullwidth\">\n\t\n\t<div class=\"content_row_wrapper  default\"><div class=\"vc_col-sm-3 wpb_column vc_column_container rt-3510242 border-right rt-column-container\">\n\t<div class=\"vc_column-inner rt-column-inner\">\n\t\t<div class=\"wpb_wrapper rt-wrapper\">\n\t\t\t<div class=\"vc_icon_element vc_icon_element-outer vc_icon_element-align-center\"><div class=\"vc_icon_element-inner vc_icon_element-color-custom vc_icon_element-size-xl vc_icon_element-style- vc_icon_element-background-color-grey\" ><span class=\"vc_icon_element-icon far fa-eye\" style=\"color:#e53434 !important\"><\/span><\/div><\/div>\n\t\t<\/div>\n\t<\/div>\n\t<\/div>\n\n\t<div class=\"vc_col-sm-9 wpb_column vc_column_container rt-column-container\">\n\t<div class=\"vc_column-inner rt-column-inner\">\n\t\t<div class=\"wpb_wrapper rt-wrapper\">\n\t\t\t\n\t\t<article class=\"content-box content-box2\">\n\t\t<div class=\"rt-heading-wrapper style-4\">\n\t\t\t\t\t\t<h3 class=\"rt-heading style-4\" >V\u0130ZYONUMUZ<\/h3>\n\t\t\t\t\t<\/div>\n\t\t<div class=\"content-holder\">\n\t\t\t<p>T\u00fcm m\u00fc\u015fterilerimize en kaliteli \u00fcr\u00fcnleri sunarak pazardaki lider kurulu\u015f olmak<\/p>\n\n\t\t\t\n\t\t<\/div>\n\t\t<\/article>\n\t\t\n\t\t<\/div>\n\t<\/div>\n\t<\/div>\n<\/div>\n<\/div>\n\n<div  class=\"content_row row vc_row wpb_row vc_inner  global-style fullwidth\">\n\t\n\t<div class=\"content_row_wrapper  default\"><div class=\"vc_col-sm-3 wpb_column vc_column_container rt-5052922 border-right rt-column-container\">\n\t<div class=\"vc_column-inner rt-column-inner\">\n\t\t<div class=\"wpb_wrapper rt-wrapper\">\n\t\t\t<div class=\"vc_icon_element vc_icon_element-outer vc_icon_element-align-center\"><div class=\"vc_icon_element-inner vc_icon_element-color-custom vc_icon_element-size-xl vc_icon_element-style- vc_icon_element-background-color-grey\" ><span class=\"vc_icon_element-icon fas fa-bullseye\" style=\"color:#e53434 !important\"><\/span><\/div><\/div>\n\t\t<\/div>\n\t<\/div>\n\t<\/div>\n\n\t<div class=\"vc_col-sm-9 wpb_column vc_column_container rt-column-container\">\n\t<div class=\"vc_column-inner rt-column-inner\">\n\t\t<div class=\"wpb_wrapper rt-wrapper\">\n\t\t\t\n\t\t<article class=\"content-box content-box2\">\n\t\t<div class=\"rt-heading-wrapper style-4\">\n\t\t\t\t\t\t<h3 class=\"rt-heading style-4\" >G\u00d6REV\u0130M\u0130Z<\/h3>\n\t\t\t\t\t<\/div>\n\t\t<div class=\"content-holder\">\n\t\t\t<p>Ar-Ge departman\u0131m\u0131zla yak\u0131n i\u015fbirli\u011fi i\u00e7inde \u00e7al\u0131\u015farak kendimizi geli\u015ftirmek ve her zorluktan sonra geli\u015fmek ve b\u00f6ylece d\u00fcnya pazar\u0131nda daha g\u00fc\u00e7l\u00fc bir rakip haline gelmek.<\/p>\n\n\t\t\t\n\t\t<\/div>\n\t\t<\/article>\n\t\t\n\t\t<\/div>\n\t<\/div>\n\t<\/div>\n<\/div>\n<\/div>\n\n<div  class=\"content_row row vc_row wpb_row vc_inner  global-style fullwidth\">\n\t\n\t<div class=\"content_row_wrapper  default\"><div class=\"vc_col-sm-3 wpb_column vc_column_container rt-4903170 border-right rt-column-container\">\n\t<div class=\"vc_column-inner rt-column-inner\">\n\t\t<div class=\"wpb_wrapper rt-wrapper\">\n\t\t\t<div class=\"vc_icon_element vc_icon_element-outer vc_icon_element-align-center\"><div class=\"vc_icon_element-inner vc_icon_element-color-custom vc_icon_element-size-xl vc_icon_element-style- vc_icon_element-background-color-grey\" ><span class=\"vc_icon_element-icon fas fa-pen\" style=\"color:#e53434 !important\"><\/span><\/div><\/div>\n\t\t<\/div>\n\t<\/div>\n\t<\/div>\n\n\t<div class=\"vc_col-sm-9 wpb_column vc_column_container rt-column-container\">\n\t<div class=\"vc_column-inner rt-column-inner\">\n\t\t<div class=\"wpb_wrapper rt-wrapper\">\n\t\t\t\n\t\t<article class=\"content-box content-box2\">\n\t\t<div class=\"rt-heading-wrapper style-4\">\n\t\t\t\t\t\t<h3 class=\"rt-heading style-4\" >DEGERLER\u0130M\u0130Z<\/h3>\n\t\t\t\t\t<\/div>\n\t\t<div class=\"content-holder\">\n\t\t\t<p class=\" translation-block\">D\u00fcr\u00fcstl\u00fck, B\u00fct\u00fcnl\u00fck, Sadakat, Yetenek, Sayg\u0131, Tak\u0131m \u00c7al\u0131\u015fmas\u0131, Ba\u011fl\u0131l\u0131k, S\u00fcrekli Geli\u015fim, Sosyal Sorumluluk<\/p>\n\n\t\t\t\n\t\t<\/div>\n\t\t<\/article>\n\t\t\n\t\t<\/div>\n\t<\/div>\n\t<\/div>\n<\/div>\n<\/div>\n\n\t\t<\/div>\n\t<\/div>\n\t<\/div>\n<\/div>\n<\/div>","protected":false},"excerpt":{"rendered":"ABOUT USOUR HISTORYMISSION &amp; VISIONCERTIFICATES DOWNLOADBrochures COMPANY PROFILE Do you have any questions? Contact us or submit a business inquiry online Contact us OUR VISION To become a leading enterprise in the market, by providing top quality products to all our clients OUR MISSION Closely working with our R&amp;D department, to improve ourselves and evolve [...]","protected":false},"author":1,"featured_media":0,"parent":4168,"menu_order":0,"comment_status":"closed","ping_status":"closed","template":"","meta":{"footnotes":""},"class_list":["post-4711","page","type-page","status-publish","hentry"],"_links":{"self":[{"href":"https:\/\/fmtjenerator.com.tr\/tr\/wp-json\/wp\/v2\/pages\/4711","targetHints":{"allow":["GET"]}}],"collection":[{"href":"https:\/\/fmtjenerator.com.tr\/tr\/wp-json\/wp\/v2\/pages"}],"about":[{"href":"https:\/\/fmtjenerator.com.tr\/tr\/wp-json\/wp\/v2\/types\/page"}],"author":[{"embeddable":true,"href":"https:\/\/fmtjenerator.com.tr\/tr\/wp-json\/wp\/v2\/users\/1"}],"replies":[{"embeddable":true,"href":"https:\/\/fmtjenerator.com.tr\/tr\/wp-json\/wp\/v2\/comments?post=4711"}],"version-history":[{"count":0,"href":"https:\/\/fmtjenerator.com.tr\/tr\/wp-json\/wp\/v2\/pages\/4711\/revisions"}],"up":[{"embeddable":true,"href":"https:\/\/fmtjenerator.com.tr\/tr\/wp-json\/wp\/v2\/pages\/4168"}],"wp:attachment":[{"href":"https:\/\/fmtjenerator.com.tr\/tr\/wp-json\/wp\/v2\/media?parent=4711"}],"curies":[{"name":"wp","href":"https:\/\/api.w.org\/{rel}","templated":true}]}}