{"id":5924,"date":"2021-11-11T09:06:14","date_gmt":"2021-11-11T08:06:14","guid":{"rendered":"http:\/\/localhost\/fmtjenerator\/?page_id=5924"},"modified":"2022-12-29T13:15:12","modified_gmt":"2022-12-29T12:15:12","slug":"our-team","status":"publish","type":"page","link":"https:\/\/fmtjenerator.com.tr\/tr\/hakkimizda\/ekibimiz\/","title":{"rendered":"Ekibimiz"},"content":{"rendered":"<div  class=\"content_row row vc_row wpb_row  alt-style-1 fullwidth has-custom-bg rt-1969268\">\n\t<div class=\"rt-parallax-background has-bg-image\" data-rt-parallax-direction=\"1\" data-rt-parallax-effect=\"vertical\" data-rt-parallax-speed=\"1\" style=\"background-image: url(https:\/\/fmtjenerator.com.tr\/wp-content\/uploads\/2022\/11\/dotted-bg-dark.png);background-repeat: repeat!important;background-size: cover!important;background-position: right top!important;\"><\/div>\n\t<div class=\"content_row_wrapper  default\"><div class=\"vc_col-sm-4 wpb_column vc_column_container rt-1916758 rt-column-container\">\n\t<div class=\"vc_column-inner rt-column-inner\">\n\t\t<div class=\"wpb_wrapper rt-wrapper\">\n\t\t\t\n\t<div  class=\"wpb_single_image wpb_content_element vc_align_left  vc_custom_1667902409415\">\n\t\t\n\t\t<figure class=\"wpb_wrapper vc_figure\">\n\t\t\t<div class=\"vc_single_image-wrapper vc_box_shadow_3d  vc_box_border_grey\"><img loading=\"lazy\" decoding=\"async\" width=\"400\" height=\"495\" src=\"https:\/\/fmtjenerator.com.tr\/wp-content\/uploads\/2022\/11\/Enida-1.png\" class=\"vc_single_image-img attachment-full\" alt=\"\" srcset=\"https:\/\/fmtjenerator.com.tr\/wp-content\/uploads\/2022\/11\/Enida-1.png 400w, https:\/\/fmtjenerator.com.tr\/wp-content\/uploads\/2022\/11\/Enida-1-242x300.png 242w, https:\/\/fmtjenerator.com.tr\/wp-content\/uploads\/2022\/11\/Enida-1-10x12.png 10w, https:\/\/fmtjenerator.com.tr\/wp-content\/uploads\/2022\/11\/Enida-1-200x247.png 200w\" sizes=\"auto, (max-width: 400px) 100vw, 400px\" \/><\/div>\n\t\t<\/figure>\n\t<\/div>\n\n\t\t<\/div>\n\t<\/div>\n\t<\/div>\n\n\t<div class=\"vc_col-sm-8 wpb_column vc_column_container rt-5504906 rt-column-container\">\n\t<div class=\"vc_column-inner rt-column-inner\">\n\t\t<div class=\"wpb_wrapper rt-wrapper\">\n\t\t\t\n\t\t<article class=\"content-box content-box2\">\n\t\t<div class=\"rt-heading-wrapper style-5\">\n\t\t\t\t\t\t<h1 class=\"rt-heading style-5\" >Pazarlama B\u00f6l\u00fcm\u00fc<\/h1>\n\t\t\t\t\t<\/div>\n\t\t<div class=\"content-holder\">\n\t\t\t<p>20 y\u0131l\u0131 a\u015fk\u0131n deneyimimiz ile birlikte, bizi di\u011ferlerinden ay\u0131ran \u015fey m\u00fc\u015fteriye olan ba\u011fl\u0131l\u0131\u011f\u0131m\u0131zd\u0131r. Pazarlama departman\u0131ndan ba\u015flayarak teknik uzmanlar\u0131m\u0131za kadar profesyonel kadromuz, \u00fcr\u00fcnlerimizin arkas\u0131nda durmakta olup m\u00fc\u015fterilere en iyi \u015fekilde hizmet vermeyi taahh\u00fct eder.. Bizi lider konuma getiren bu de\u011ferli \u00f6zelliktir.<\/p>\n<p>M\u00fc\u015fterilerimize kaliteli \u00fcr\u00fcnleri rekabet\u00e7i fiyatlarla tedarik etmek ve onlara profesyonel, zaman\u0131nda ve ki\u015fiselle\u015ftirilmi\u015f hizmet sunmak i\u00e7in elimizden gelenin en iyisini yapmaya devam ediyoruz. T\u00fcm m\u00fc\u015fteri istekleri ve sorgular\u0131 en y\u00fcksek \u00f6nem, profesyonellik, h\u0131z ve nezaket ile de\u011ferlendirilir.<\/p>\n<p>Misyonumuzu yerine getirmek i\u00e7in hi\u00e7bir \u00e7abadan ka\u00e7\u0131nmayoruz, \u00e7\u00fcnk\u00fc biliyoruz ki, siz de\u011ferli m\u00fc\u015fterilerimiz gibi, \u201ciyi yap\u0131lm\u0131\u015f bir i\u015f\u201din memnuniyetini de \u00e7ok iyi biliyoruz. Nihai hedefimiz budur. \u0130htiya\u00e7lar\u0131n\u0131z\u0131 kar\u015f\u0131layacak enerji \u00e7\u00f6z\u00fcmlerini bulmaya devam etmek i\u00e7in sab\u0131rs\u0131zlan\u0131yoruz.<\/p>\n\n\t\t\t\n\t\t<\/div>\n\t\t<\/article>\n\t\t\n\t\t<\/div>\n\t<\/div>\n\t<\/div>\n<\/div>\n<\/div>\n\n<div  class=\"content_row row vc_row wpb_row  default-style fullwidth rt-6016381\">\n\t\n\t<div class=\"content_row_wrapper  fullwidth\">\n\t<div class=\"vc_col-sm-12 wpb_column vc_column_container rt-column-container\">\n\t<div class=\"vc_column-inner rt-column-inner\">\n\t\t<div class=\"wpb_wrapper rt-wrapper\">\n\t\t\t<h2 style=\"color: #ffffff;text-align: center;font-family:Jura;font-weight:400;font-style:normal\" class=\"vc_custom_heading\" >\u201cTak\u0131m\u0131n g\u00fcc\u00fc her bir \u00fcyesidir.<br \/>\nHer \u00fcyenin g\u00fcc\u00fc tak\u0131md\u0131r\"<\/h2>\n<div class=\"vc_grid-container-wrapper vc_clearfix\">\n\t<div class=\"vc_grid-container vc_clearfix wpb_content_element vc_media_grid\" data-initial-loading-animation=\"fadeIn\" data-vc-grid-settings=\"{&quot;page_id&quot;:5924,&quot;style&quot;:&quot;all&quot;,&quot;action&quot;:&quot;vc_get_vc_grid_data&quot;,&quot;shortcode_id&quot;:&quot;1672309784733-c3c71d4d-9b9b-3&quot;,&quot;tag&quot;:&quot;vc_media_grid&quot;}\" data-vc-request=\"https:\/\/fmtjenerator.com.tr\/wp-admin\/admin-ajax.php\" data-vc-post-id=\"5924\" data-vc-public-nonce=\"239cd01bb3\">\n\t\t\n\t<\/div>\n<\/div>\n\t\t<\/div>\n\t<\/div>\n\t<\/div>\n\n<\/div>\n<\/div>\n\n<div  class=\"content_row row vc_row wpb_row  default-style fullwidth\">\n\t\n\t<div class=\"content_row_wrapper  default\">\n\t<div class=\"vc_col-sm-12 wpb_column vc_column_container rt-column-container\">\n\t<div class=\"vc_column-inner rt-column-inner\">\n\t\t<div class=\"wpb_wrapper rt-wrapper\">\n\t\t\t\n\t\t<\/div>\n\t<\/div>\n\t<\/div>\n\n<\/div>\n<\/div>\n\n<div  class=\"content_row row vc_row wpb_row  default-style fullwidth\">\n\t\n\t<div class=\"content_row_wrapper  default\">\n\t<div class=\"vc_col-sm-12 wpb_column vc_column_container rt-column-container\">\n\t<div class=\"vc_column-inner rt-column-inner\">\n\t\t<div class=\"wpb_wrapper rt-wrapper\">\n\t\t\t\n\t\t<\/div>\n\t<\/div>\n\t<\/div>\n\n<\/div>\n<\/div>\n\n<div  class=\"content_row row vc_row wpb_row  default-style fullwidth\">\n\t\n\t<div class=\"content_row_wrapper  default\">\n\t<div class=\"vc_col-sm-12 wpb_column vc_column_container rt-column-container\">\n\t<div class=\"vc_column-inner rt-column-inner\">\n\t\t<div class=\"wpb_wrapper rt-wrapper\">\n\t\t\t\n<div  class=\"content_row row vc_row wpb_row vc_inner  global-style fullwidth\">\n\t\n\t<div class=\"content_row_wrapper  default\"><div class=\"vc_col-sm-6 wpb_column vc_column_container rt-column-container\">\n\t<div class=\"vc_column-inner rt-column-inner\">\n\t\t<div class=\"wpb_wrapper rt-wrapper\">\n\t\t\t\n\t\t<article class=\"content-box content-box2\">\n\t\t<div class=\"rt-heading-wrapper style-5\">\n\t\t\t\t\t\t<h1 class=\"rt-heading style-5\" >ARA\u015eTIRMA &amp; GEL\u0130\u015eT\u0130RME<\/h1>\n\t\t\t\t\t<\/div>\n\t\t<div class=\"content-holder\">\n\t\t\t<p>FMT Group b\u00fcnyesindeki Ar-Ge Departman\u0131, t\u00fcm m\u00fc\u015fterilere yenilik ve \u00e7\u00f6z\u00fcmler getirme hedefiyle \u00e7al\u0131\u015fmaktad\u0131r.<\/p>\n\n\t\t\t\n\t\t<\/div>\n\t\t<\/article>\n\t\t\n\t\t<article class=\"content-box content-box2\">\n\t\t<div class=\"rt-heading-wrapper\">\n\t\t\t\t\t\t<h1 class=\"rt-heading\" ><\/h1>\n\t\t\t\t\t<\/div>\n\t\t<div class=\"content-holder\">\n\t\t\t<p style=\"text-align: left;\">M\u00fchendislerimiz, bir Jenerat\u00f6r setinin t\u00fcm ayr\u0131lmaz bile\u015fenlerini kompakt bir konfig\u00fcrasyon i\u00e7inde sunan estetik a\u00e7\u0131dan ho\u015f bir tasar\u0131m geli\u015ftirdiler. Ayr\u0131ca, en uygun so\u011futma ko\u015fullar\u0131n\u0131 ve hava sirk\u00fclasyonunu sa\u011flamak i\u00e7in otomatik kontrol paneli ve hava ak\u0131m\u0131 sim\u00fclasyonlar\u0131na dayal\u0131 bir i\u00e7 tasar\u0131m gibi yenilik\u00e7i \u00f6zellikler sunar.<\/p>\n<p style=\"text-align: left;\">B\u00fct\u00fcn bunlar g\u00fcvenlik ve \u00e7evredeki \u00e7evreye \u00f6nem verilerek yap\u0131l\u0131r, bu nedenle m\u00fchendislerimiz ses emisyonlar\u0131n\u0131 s\u00fcrekli iyile\u015ftirmek i\u00e7in \u00e7al\u0131\u015f\u0131rlar, b\u00f6ylece i\u00e7 ve d\u0131\u015f mekan kullan\u0131m\u0131 i\u00e7in daha iyi bir \u00fcr\u00fcn sunarlar.<\/p>\n<p style=\"text-align: left;\">Ar-Ge departman\u0131m\u0131z, m\u00fc\u015fterilerimizin yeni \u00e7\u00f6z\u00fcmler gerektiren bir\u00e7ok \u00f6zel projesiyle kar\u015f\u0131 kar\u015f\u0131ya kal\u0131yor, bu da mevcut tasar\u0131mlar\u0131 daha da geli\u015ftirmemize ve bilgimizi zenginle\u015ftirmemize olanak tan\u0131yor. Bu deneyim, m\u00fc\u015fterilerimize rekor bir zaman diliminde piyasadaki en iyi \u00fcr\u00fcnlerden birini alacaklar\u0131n\u0131 garanti etme g\u00fcvenini veriyor.<\/p>\n\n\t\t\t\n\t\t<\/div>\n\t\t<\/article>\n\t\t\n\t\t<\/div>\n\t<\/div>\n\t<\/div>\n\n\t<div class=\"vc_col-sm-6 wpb_column vc_column_container rt-column-container\">\n\t<div class=\"vc_column-inner rt-column-inner\">\n\t\t<div class=\"wpb_wrapper rt-wrapper\">\n\t\t\t\n\t<div  class=\"wpb_single_image wpb_content_element vc_align_left\">\n\t\t\n\t\t<figure class=\"wpb_wrapper vc_figure\">\n\t\t\t<div class=\"vc_single_image-wrapper   vc_box_border_grey\"><img loading=\"lazy\" decoding=\"async\" width=\"903\" height=\"414\" src=\"https:\/\/fmtjenerator.com.tr\/wp-content\/uploads\/2022\/11\/Fmt-Group_team_009.jpg\" class=\"vc_single_image-img attachment-full\" alt=\"\" srcset=\"https:\/\/fmtjenerator.com.tr\/wp-content\/uploads\/2022\/11\/Fmt-Group_team_009.jpg 903w, https:\/\/fmtjenerator.com.tr\/wp-content\/uploads\/2022\/11\/Fmt-Group_team_009-300x138.jpg 300w, https:\/\/fmtjenerator.com.tr\/wp-content\/uploads\/2022\/11\/Fmt-Group_team_009-768x352.jpg 768w, https:\/\/fmtjenerator.com.tr\/wp-content\/uploads\/2022\/11\/Fmt-Group_team_009-18x8.jpg 18w, https:\/\/fmtjenerator.com.tr\/wp-content\/uploads\/2022\/11\/Fmt-Group_team_009-451x207.jpg 451w\" sizes=\"auto, (max-width: 903px) 100vw, 903px\" \/><\/div>\n\t\t<\/figure>\n\t<\/div>\n\n\t<div  class=\"wpb_single_image wpb_content_element vc_align_left\">\n\t\t\n\t\t<figure class=\"wpb_wrapper vc_figure\">\n\t\t\t<div class=\"vc_single_image-wrapper   vc_box_border_grey\"><img loading=\"lazy\" decoding=\"async\" width=\"903\" height=\"356\" src=\"https:\/\/fmtjenerator.com.tr\/wp-content\/uploads\/2022\/11\/Fmt-Group_team_0010.jpg\" class=\"vc_single_image-img attachment-full\" alt=\"\" srcset=\"https:\/\/fmtjenerator.com.tr\/wp-content\/uploads\/2022\/11\/Fmt-Group_team_0010.jpg 903w, https:\/\/fmtjenerator.com.tr\/wp-content\/uploads\/2022\/11\/Fmt-Group_team_0010-300x118.jpg 300w, https:\/\/fmtjenerator.com.tr\/wp-content\/uploads\/2022\/11\/Fmt-Group_team_0010-768x303.jpg 768w, https:\/\/fmtjenerator.com.tr\/wp-content\/uploads\/2022\/11\/Fmt-Group_team_0010-18x7.jpg 18w, https:\/\/fmtjenerator.com.tr\/wp-content\/uploads\/2022\/11\/Fmt-Group_team_0010-451x178.jpg 451w\" sizes=\"auto, (max-width: 903px) 100vw, 903px\" \/><\/div>\n\t\t<\/figure>\n\t<\/div>\n\n\t\t<\/div>\n\t<\/div>\n\t<\/div>\n<\/div>\n<\/div>\n\n\t\t<\/div>\n\t<\/div>\n\t<\/div>\n\n<\/div>\n<\/div>\n\n<div  class=\"content_row row vc_row wpb_row  default-style fullwidth\">\n\t\n\t<div class=\"content_row_wrapper  default\">\n\t<div class=\"vc_col-sm-12 wpb_column vc_column_container rt-column-container\">\n\t<div class=\"vc_column-inner rt-column-inner\">\n\t\t<div class=\"wpb_wrapper rt-wrapper\">\n\t\t\t<div class=\"vc_separator wpb_content_element vc_separator_align_center vc_sep_width_100 vc_sep_style-1 vc_sep_pos_align_center vc_separator_no_text\" ><span class=\"vc_sep_holder vc_sep_holder_l\"><span  class=\"vc_sep_line\"><\/span><\/span><span class=\"vc_sep_holder vc_sep_holder_r\"><span  class=\"vc_sep_line\"><\/span><\/span>\n<\/div>\n\t\t<\/div>\n\t<\/div>\n\t<\/div>\n\n<\/div>\n<\/div>\n\n<div  class=\"content_row row vc_row wpb_row  default-style fullwidth rt-6499402\">\n\t\n\t<div class=\"content_row_wrapper  default\">\n\t<div class=\"vc_col-sm-12 wpb_column vc_column_container rt-column-container\">\n\t<div class=\"vc_column-inner rt-column-inner\">\n\t\t<div class=\"wpb_wrapper rt-wrapper\">\n\t\t\t\n\t\t<article class=\"content-box content-box2\">\n\t\t<div class=\"rt-heading-wrapper style-5\">\n\t\t\t\t\t\t<h1 class=\"rt-heading style-5\" >SATI\u015e SONRASI DEPARTMANI<\/h1>\n\t\t\t\t\t<\/div>\n\t\t<div class=\"content-holder\">\n\t\t\t<p>FMT Group, g\u00fc\u00e7 \u00e7\u00f6z\u00fcmleri ve sistem tasar\u0131m\u0131, proje y\u00f6netimi, i\u015fletme ve bak\u0131m dahil olmak \u00fczere eksiksiz bir hizmet yelpazesi sunar.<\/p>\n\n\t\t\t\n\t\t<\/div>\n\t\t<\/article>\n\t\t\n\t\t<article class=\"content-box content-box2\">\n\t\t<div class=\"rt-heading-wrapper\">\n\t\t\t\t\t\t<h1 class=\"rt-heading\" ><\/h1>\n\t\t\t\t\t<\/div>\n\t\t<div class=\"content-holder\">\n\t\t\t<p>FMT Group, geni\u015f bir Jenerat\u00f6r, UPS ve AVS yelpazesi ile m\u00fc\u015fterilerine ve i\u015f ortaklar\u0131na ko\u015fulsuz m\u00fc\u015fteri odakl\u0131l\u0131k ile h\u0131zl\u0131 ve etkin teknik destek sa\u011flarken, di\u011fer Jenerat\u00f6r, UPS ve AVS Markalar\u0131na da etkin teknik destek verebilmektedir.<\/p>\n<p>FMT sat\u0131\u015f sonras\u0131 departman\u0131, m\u00fc\u015fterinin kablo tesisat\u0131n\u0131n yerle\u015fimini ve FMT ekipman\u0131n\u0131 kurmak i\u00e7in uygun konfig\u00fcrasyonu de\u011ferlendirmesine yard\u0131mc\u0131 olacakt\u0131r.<\/p>\n<p>Kurulum departman\u0131, m\u00fc\u015fteriler i\u00e7in ekipman kuracak ve test edecektir. Ekipman\u0131n ihtiya\u00e7 duydu\u011fu t\u00fcm periyodik bak\u0131m ve servisler i\u00e7in m\u00fc\u015fterilere eksiksiz bir bak\u0131m ve servis paketi sunulmaktad\u0131r. \u201cG\u00fcvenilir bir g\u00fc\u00e7 \u00e7\u00f6z\u00fcmleri orta\u011f\u0131\u201d olarak \u00fcn\u00fcm\u00fcz\u00fcn kar\u015f\u0131l\u0131\u011f\u0131n\u0131 \u00f6deyerek, son derece yetenekli teknik ekibimiz ve g\u00fc\u00e7l\u00fc m\u00fc\u015fteri deste\u011fimiz sayesinde, her zaman ihtiya\u00e7lar\u0131n\u0131z\u0131 kar\u015f\u0131layacak esnekli\u011fi ortaya koyuyor ve en y\u00fcksek performans\u0131 sunan en iyi \u00e7\u00f6z\u00fcmleri buluyoruz.<\/p>\n\n\t\t\t\n\t\t<\/div>\n\t\t<\/article>\n\t\t\n<div  class=\"content_row row vc_row wpb_row vc_inner  global-style fullwidth\">\n\t\n\t<div class=\"content_row_wrapper  default\"><div class=\"vc_col-sm-4 wpb_column vc_column_container rt-column-container\">\n\t<div class=\"vc_column-inner rt-column-inner\">\n\t\t<div class=\"wpb_wrapper rt-wrapper\">\n\t\t\t\n\t<div  class=\"wpb_single_image wpb_content_element vc_align_left\">\n\t\t\n\t\t<figure class=\"wpb_wrapper vc_figure\">\n\t\t\t<div class=\"vc_single_image-wrapper   vc_box_border_grey\"><img loading=\"lazy\" decoding=\"async\" width=\"903\" height=\"587\" src=\"https:\/\/fmtjenerator.com.tr\/wp-content\/uploads\/2022\/11\/Fmt-Group_team_011.jpg\" class=\"vc_single_image-img attachment-full\" alt=\"\" srcset=\"https:\/\/fmtjenerator.com.tr\/wp-content\/uploads\/2022\/11\/Fmt-Group_team_011.jpg 903w, https:\/\/fmtjenerator.com.tr\/wp-content\/uploads\/2022\/11\/Fmt-Group_team_011-300x195.jpg 300w, https:\/\/fmtjenerator.com.tr\/wp-content\/uploads\/2022\/11\/Fmt-Group_team_011-768x499.jpg 768w, https:\/\/fmtjenerator.com.tr\/wp-content\/uploads\/2022\/11\/Fmt-Group_team_011-18x12.jpg 18w, https:\/\/fmtjenerator.com.tr\/wp-content\/uploads\/2022\/11\/Fmt-Group_team_011-451x293.jpg 451w\" sizes=\"auto, (max-width: 903px) 100vw, 903px\" \/><\/div>\n\t\t<\/figure>\n\t<\/div>\n\n\t\t<\/div>\n\t<\/div>\n\t<\/div>\n\n\t<div class=\"vc_col-sm-4 wpb_column vc_column_container rt-column-container\">\n\t<div class=\"vc_column-inner rt-column-inner\">\n\t\t<div class=\"wpb_wrapper rt-wrapper\">\n\t\t\t\n\t<div  class=\"wpb_single_image wpb_content_element vc_align_left\">\n\t\t\n\t\t<figure class=\"wpb_wrapper vc_figure\">\n\t\t\t<div class=\"vc_single_image-wrapper   vc_box_border_grey\"><img loading=\"lazy\" decoding=\"async\" width=\"903\" height=\"587\" src=\"https:\/\/fmtjenerator.com.tr\/wp-content\/uploads\/2022\/11\/Fmt-Group_team_012.jpg\" class=\"vc_single_image-img attachment-full\" alt=\"\" srcset=\"https:\/\/fmtjenerator.com.tr\/wp-content\/uploads\/2022\/11\/Fmt-Group_team_012.jpg 903w, https:\/\/fmtjenerator.com.tr\/wp-content\/uploads\/2022\/11\/Fmt-Group_team_012-300x195.jpg 300w, https:\/\/fmtjenerator.com.tr\/wp-content\/uploads\/2022\/11\/Fmt-Group_team_012-768x499.jpg 768w, https:\/\/fmtjenerator.com.tr\/wp-content\/uploads\/2022\/11\/Fmt-Group_team_012-18x12.jpg 18w, https:\/\/fmtjenerator.com.tr\/wp-content\/uploads\/2022\/11\/Fmt-Group_team_012-451x293.jpg 451w\" sizes=\"auto, (max-width: 903px) 100vw, 903px\" \/><\/div>\n\t\t<\/figure>\n\t<\/div>\n\n\t\t<\/div>\n\t<\/div>\n\t<\/div>\n\n\t<div class=\"vc_col-sm-4 wpb_column vc_column_container rt-column-container\">\n\t<div class=\"vc_column-inner rt-column-inner\">\n\t\t<div class=\"wpb_wrapper rt-wrapper\">\n\t\t\t\n\t<div  class=\"wpb_single_image wpb_content_element vc_align_left\">\n\t\t\n\t\t<figure class=\"wpb_wrapper vc_figure\">\n\t\t\t<div class=\"vc_single_image-wrapper   vc_box_border_grey\"><img loading=\"lazy\" decoding=\"async\" width=\"903\" height=\"586\" src=\"https:\/\/fmtjenerator.com.tr\/wp-content\/uploads\/2022\/11\/Fmt-Group_team_013.jpg\" class=\"vc_single_image-img attachment-full\" alt=\"\" srcset=\"https:\/\/fmtjenerator.com.tr\/wp-content\/uploads\/2022\/11\/Fmt-Group_team_013.jpg 903w, https:\/\/fmtjenerator.com.tr\/wp-content\/uploads\/2022\/11\/Fmt-Group_team_013-300x195.jpg 300w, https:\/\/fmtjenerator.com.tr\/wp-content\/uploads\/2022\/11\/Fmt-Group_team_013-768x498.jpg 768w, https:\/\/fmtjenerator.com.tr\/wp-content\/uploads\/2022\/11\/Fmt-Group_team_013-18x12.jpg 18w, https:\/\/fmtjenerator.com.tr\/wp-content\/uploads\/2022\/11\/Fmt-Group_team_013-451x293.jpg 451w\" sizes=\"auto, (max-width: 903px) 100vw, 903px\" \/><\/div>\n\t\t<\/figure>\n\t<\/div>\n\n\t\t<\/div>\n\t<\/div>\n\t<\/div>\n<\/div>\n<\/div>\n\n<div  class=\"content_row row vc_row wpb_row vc_inner  global-style fullwidth\">\n\t\n\t<div class=\"content_row_wrapper  default\">\n\t<div class=\"vc_col-sm-12 wpb_column vc_column_container rt-column-container\">\n\t<div class=\"vc_column-inner rt-column-inner\">\n\t\t<div class=\"wpb_wrapper rt-wrapper\">\n\t\t\t<div class=\"rt-heading-wrapper rt-6319841\">\n\t\t\t\t\t\t<h1 class=\"rt-heading\" >M\u00fckemmel \u00e7\u00f6z\u00fcmler sistemi \u015funlar\u0131 i\u00e7erir:<\/h1>\n\t\t\t\t\t<\/div>\n\t<div class=\"wpb_text_column wpb_content_element\" >\n\t\t<div class=\"wpb_wrapper\">\n\t\t\t<p>\u2714 Yerinde Servis<br \/>\n\u2714 Teknik Destek<br \/>\n\u2714 Bak\u0131m S\u00f6zle\u015fmeleri<br \/>\n\u2714 Modernizasyonu<br \/>\n\u2714 Yedek par\u00e7a<br \/>\n\u2714 E\u011fitim<\/p>\n\n\t\t<\/div>\n\t<\/div>\n\n\t\t<\/div>\n\t<\/div>\n\t<\/div>\n\n<\/div>\n<\/div>\n\n\t\t<\/div>\n\t<\/div>\n\t<\/div>\n\n<\/div>\n<\/div>\n\n<div  class=\"content_row row vc_row wpb_row  default-style fullwidth\">\n\t\n\t<div class=\"content_row_wrapper  default\">\n\t<div class=\"vc_col-sm-12 wpb_column vc_column_container rt-column-container\">\n\t<div class=\"vc_column-inner rt-column-inner\">\n\t\t<div class=\"wpb_wrapper rt-wrapper\">\n\t\t\t<div class=\"rt-heading-wrapper style-4 rt-4032222\">\n\t\t\t\t\t\t<h3 class=\"rt-heading style-4\" >VIDEOS<\/h3>\n\t\t\t\t\t<\/div>\n<div  class=\"content_row row vc_row wpb_row vc_inner  global-style fullwidth\">\n\t\n\t<div class=\"content_row_wrapper  default\"><div class=\"vc_col-sm-6 wpb_column vc_column_container rt-column-container\">\n\t<div class=\"vc_column-inner rt-column-inner\">\n\t\t<div class=\"wpb_wrapper rt-wrapper\">\n\t\t\t\n\t<div class=\"wpb_video_widget wpb_content_element vc_clearfix   vc_video-aspect-ratio-169 vc_video-el-width-100 vc_video-align-left\" >\n\t\t<div class=\"wpb_wrapper\">\n\t\t\t\n\t\t\t<div class=\"wpb_video_wrapper\"><div class=\"video-container\"><iframe loading=\"lazy\" title=\"fmt group\" width=\"1060\" height=\"596\" src=\"https:\/\/www.youtube.com\/embed\/sSYgra6rZJM?feature=oembed\" frameborder=\"0\" allow=\"accelerometer; autoplay; clipboard-write; encrypted-media; gyroscope; picture-in-picture\" allowfullscreen><\/iframe><\/div><\/div>\n\t\t<\/div>\n\t<\/div>\n\n\t\t<\/div>\n\t<\/div>\n\t<\/div>\n\n\t<div class=\"vc_col-sm-6 wpb_column vc_column_container rt-column-container\">\n\t<div class=\"vc_column-inner rt-column-inner\">\n\t\t<div class=\"wpb_wrapper rt-wrapper\">\n\t\t\t\n\t<div class=\"wpb_video_widget wpb_content_element vc_clearfix   vc_video-aspect-ratio-169 vc_video-el-width-100 vc_video-align-left\" >\n\t\t<div class=\"wpb_wrapper\">\n\t\t\t\n\t\t\t<div class=\"wpb_video_wrapper\"><div class=\"video-container\"><iframe loading=\"lazy\" title=\"Fmt Genset Presentation\" width=\"1060\" height=\"596\" src=\"https:\/\/www.youtube.com\/embed\/R93X46wchLw?feature=oembed\" frameborder=\"0\" allow=\"accelerometer; autoplay; clipboard-write; encrypted-media; gyroscope; picture-in-picture\" allowfullscreen><\/iframe><\/div><\/div>\n\t\t<\/div>\n\t<\/div>\n\n\t\t<\/div>\n\t<\/div>\n\t<\/div>\n<\/div>\n<\/div>\n\n\t\t<\/div>\n\t<\/div>\n\t<\/div>\n\n<\/div>\n<\/div>","protected":false},"excerpt":{"rendered":"Marketing Department After more than 20 years of experience, our distinguishing factor is our dedication to the customer. Our professional staff, starting from the marketing department, to our technical experts stand behind our products and make a commitment to serve the costumer to the best of their capabilities. It is this valuable feature that puts [...]","protected":false},"author":1,"featured_media":0,"parent":4168,"menu_order":0,"comment_status":"closed","ping_status":"closed","template":"","meta":{"footnotes":""},"class_list":["post-5924","page","type-page","status-publish","hentry"],"_links":{"self":[{"href":"https:\/\/fmtjenerator.com.tr\/tr\/wp-json\/wp\/v2\/pages\/5924","targetHints":{"allow":["GET"]}}],"collection":[{"href":"https:\/\/fmtjenerator.com.tr\/tr\/wp-json\/wp\/v2\/pages"}],"about":[{"href":"https:\/\/fmtjenerator.com.tr\/tr\/wp-json\/wp\/v2\/types\/page"}],"author":[{"embeddable":true,"href":"https:\/\/fmtjenerator.com.tr\/tr\/wp-json\/wp\/v2\/users\/1"}],"replies":[{"embeddable":true,"href":"https:\/\/fmtjenerator.com.tr\/tr\/wp-json\/wp\/v2\/comments?post=5924"}],"version-history":[{"count":0,"href":"https:\/\/fmtjenerator.com.tr\/tr\/wp-json\/wp\/v2\/pages\/5924\/revisions"}],"up":[{"embeddable":true,"href":"https:\/\/fmtjenerator.com.tr\/tr\/wp-json\/wp\/v2\/pages\/4168"}],"wp:attachment":[{"href":"https:\/\/fmtjenerator.com.tr\/tr\/wp-json\/wp\/v2\/media?parent=5924"}],"curies":[{"name":"wp","href":"https:\/\/api.w.org\/{rel}","templated":true}]}}