{"id":7159,"date":"2022-09-07T11:31:51","date_gmt":"2022-09-07T11:31:51","guid":{"rendered":"http:\/\/localhost\/fmtgroup\/?page_id=7159"},"modified":"2022-11-17T10:25:32","modified_gmt":"2022-11-17T09:25:32","slug":"technical-datasheet","status":"publish","type":"page","link":"https:\/\/fmtjenerator.com.tr\/tr\/teknik-veri-sayfasi\/","title":{"rendered":"Teknik veri sayfas\u0131"},"content":{"rendered":"<div class=\"passster-form\" id=\"ps-895\">  \n  <form class=\"password-form\" method=\"post\" autocomplete=\"off\" action-xhr=\"https:\/\/fmtjenerator.com.tr\/tr\/teknik-veri-sayfasi\/\" target=\"_top\">\n    <h4>Protected Area<\/h4>\n    <p>Bu i\u00e7erik parola korumal\u0131d\u0131r. \u0130\u00e7eri\u011fin kilidini a\u00e7mak i\u00e7in l\u00fctfen \u015fifreyi girin. \u015eifreniz yoksa l\u00fctfen bizimle ileti\u015fime ge\u00e7in: info@fmtgroup.al<\/p>\n    <fieldset>\n      <input placeholder=\"Parolan\u0131 Gir...\" type=\"password\" tabindex=\"1\" name=\"passster_password\" class=\"passster-password\" autocomplete=\"off\" data-protection-type=\"password\" data-password=\"$2a$12$wZT4219XSzNcCKO263jD8.3XPehnwNtHKIJBFGWGls8ZNlb6NQeha\" data-partly=\"\" data-list=\"[PASSSTER_LIST]\" data-protection=\"full\">\n      <span class=\"password-typing\"><\/span>\n      <button name=\"submit\" type=\"submit\" class=\"passster-submit\" data-psid=\"ps-895\" data-submit=\"...Checking Password\" data-elementor-content=\"\">Giri\u015f yapmak<\/button>\n       <div class=\"passster-error\"><\/div>\n    <\/fieldset>\n  <input type=\"hidden\" name=\"trp-form-language\" value=\"tr\"\/><\/form>\n<\/div>","protected":false},"excerpt":{"rendered":"<p>Protected Area This content is password-protected. Please enter password to unlock the content. If you don&#8217;t have a password, please contact us: info@fmtgroup.al Login<\/p>","protected":false},"author":1,"featured_media":0,"parent":0,"menu_order":0,"comment_status":"closed","ping_status":"closed","template":"","meta":{"footnotes":""},"class_list":["post-7159","page","type-page","status-publish","hentry"],"_links":{"self":[{"href":"https:\/\/fmtjenerator.com.tr\/tr\/wp-json\/wp\/v2\/pages\/7159","targetHints":{"allow":["GET"]}}],"collection":[{"href":"https:\/\/fmtjenerator.com.tr\/tr\/wp-json\/wp\/v2\/pages"}],"about":[{"href":"https:\/\/fmtjenerator.com.tr\/tr\/wp-json\/wp\/v2\/types\/page"}],"author":[{"embeddable":true,"href":"https:\/\/fmtjenerator.com.tr\/tr\/wp-json\/wp\/v2\/users\/1"}],"replies":[{"embeddable":true,"href":"https:\/\/fmtjenerator.com.tr\/tr\/wp-json\/wp\/v2\/comments?post=7159"}],"version-history":[{"count":0,"href":"https:\/\/fmtjenerator.com.tr\/tr\/wp-json\/wp\/v2\/pages\/7159\/revisions"}],"wp:attachment":[{"href":"https:\/\/fmtjenerator.com.tr\/tr\/wp-json\/wp\/v2\/media?parent=7159"}],"curies":[{"name":"wp","href":"https:\/\/api.w.org\/{rel}","templated":true}]}}